{"id":10632,"date":"2017-02-02T12:29:24","date_gmt":"2017-02-02T12:29:24","guid":{"rendered":"https:\/\/bacusevents.com\/avis-legal\/"},"modified":"2024-05-01T05:54:25","modified_gmt":"2024-05-01T05:54:25","slug":"avis-legal","status":"publish","type":"page","link":"https:\/\/bacusevents.com\/ca\/avis-legal\/","title":{"rendered":"Av\u00eds Legal"},"content":{"rendered":"<div id='av_section_1' class='avia-section main_color avia-section-large avia-no-border-styling avia-bg-style-scroll  avia-builder-el-0  avia-builder-el-no-sibling   container_wrap sidebar_right' style=' '  ><div class='container' ><main  role=\"main\" itemprop=\"mainContentOfPage\"  class='template-page content  av-content-small alpha units'><div class='post-entry post-entry-type-page post-entry-10632'><div class='entry-content-wrapper clearfix'>\n<div style='padding-bottom:20px; font-size:40px;' class='av-special-heading av-special-heading-h2  blockquote modern-quote  avia-builder-el-1  el_before_av_hr  avia-builder-el-first   av-inherit-size '><h2 class='av-special-heading-tag '  itemprop=\"headline\"  >Av\u00eds Legal<\/h2><div class='special-heading-border'><div class='special-heading-inner-border' ><\/div><\/div><\/div>\n<div style=' margin-top:10px; margin-bottom:10px;'  class='hr hr-custom hr-left hr-icon-no   avia-builder-el-2  el_after_av_heading  el_before_av_textblock '><span class='hr-inner   inner-border-av-border-fat' style=' width:50px; border-color:#000000;' ><span class='hr-inner-style'><\/span><\/span><\/div>\n<section class=\"av_textblock_section \"  itemscope=\"itemscope\" itemtype=\"https:\/\/schema.org\/CreativeWork\" ><div class='avia_textblock  '   itemprop=\"text\" ><p>La nostra benvinguda a aquest espai web, aqu\u00ed podreu trobar tota la informaci\u00f3 relacionada amb els termes i condicions legals que defineixen les relacions entre els usuaris i la responsable de la web. Com a usuari, \u00e9s important que conegueu aquests termes abans de continuar amb la navegaci\u00f3.<\/p>\n<p>\u2022 Identitat de la Responsable: BACUS ESDEVENIMENTS SOCIALS, SL<br \/>\n\u2022 CIF: B25313743<br \/>\n\u2022 Adre\u00e7a: C\/Sardenya, n\u00fam. 83, 08018, Barcelona<br \/>\n\u2022 Tel\u00e8fon: 93 4120066.<br \/>\n\u2022 Correu electr\u00f2nic: <a href=\"mailto:info@bacusevents.com\">info@bacusevents.com<\/a><br \/>\n\u2022 Activitat: organitzadora d&#8217;esdeveniments.<br \/>\n\u2022 Dades mercantils: Inscrita al Registre Mercantil de Barcelona Tom 27841 Foli 98 Full B-125.657<\/p>\n<p><b>BACUS ESDEVENIMENTS SOCIALS, SL,<\/b><br \/>\ncom a responsable de la web, es compromet a tractar la informaci\u00f3 dels usuaris i clients amb total garantia i complir els requisits nacionals i europeus que regulen la recopilaci\u00f3 i \u00fas de les dades de car\u00e0cter personal dels usuaris. Aquest web compleix amb el Reglament (UE) 2016\/679 del Parlament Europeu i del Consell de 27 d&#8217;abril de 2016 relatiu a la protecci\u00f3 de les persones f\u00edsiques (RGPD), aix\u00ed com amb la Llei 34\/2002, d&#8217;11 de juliol, de Serveis de la Societat de la Informaci\u00f3 i Comer\u00e7 Electr\u00f2nic (LSSICE o LSSI). CONDICIONS<\/p>\n<p><b>GENERALS D&#8217;\u00daS<\/b><br \/>\nLes presents condicions generals regulen l&#8217;\u00fas de la web, inclosos els continguts, productes i serveis posats a disposici\u00f3. Tota persona que accedeixi a la web, <a href=\"https:\/\/bacusevents.com\/ca\/\">bacusevents.com<\/a> , accepta sotmetre&#8217;s a les Condicions Generals vigents en cada moment al portal.<\/p>\n<p><b>DADES DE CAR\u00c0CTER PERSONAL<\/b><br \/>\nLlegir <a title=\"Pol\u00edtica de privadesa\" href=\"https:\/\/bacusevents.com\/ca\/politica-de-privadesa\/\">Pol\u00edtica de Privadesa<\/a><\/p>\n<p><b>OBLIGACIONS DELS USUARIS<\/b><br \/>\nL&#8217;usuari queda informat, i accepta, que l&#8217;acc\u00e9s a la present web no suposa, de cap manera, l&#8217;inici d&#8217;una relaci\u00f3 comercial amb BACUS EVENTOS SOCIALES, SL D&#8217;aquesta manera, l&#8217;usuari es compromet a utilitzar el lloc web, els seus serveis i continguts sense contravenir la legislaci\u00f3 vigent, la bona fe i lordre p\u00fablic. Queda prohibit l&#8217;\u00fas del web, amb fins il\u00b7l\u00edcits o lesius, o que, de qualsevol manera, puguin causar perjudici o impedir el funcionament normal del lloc web. Pel que fa als continguts d&#8217;aquesta web, es prohibeix:<br \/>\n\u2022 La seva reproducci\u00f3, distribuci\u00f3 o modificaci\u00f3, total o parcial, llevat que es compti amb la nostra autoritzaci\u00f3 com a leg\u00edtim titular.<br \/>\n\u2022 Qualsevol vulneraci\u00f3 dels drets del prestador o de mi com a leg\u00edtim titular.<br \/>\n\u2022 La seva utilitzaci\u00f3 per a fins comercials o publicitaris.<\/p>\n<p>En la utilitzaci\u00f3 de la web, l&#8217;usuari es compromet a no dur a terme cap conducta que pogu\u00e9s fer malb\u00e9 la imatge, els interessos i els drets de BACUS ESDEVENIMENTS SOCIALS, SL o de tercers o que pogu\u00e9s fer malb\u00e9, inutilitzar o sobrecarregar el portal o que imped\u00eds, de qualsevol manera, la normal utilitzaci\u00f3 de la web. No obstant aix\u00f2, l&#8217;usuari ha de ser conscient que les mesures de seguretat dels sistemes inform\u00e0tics a Internet no s\u00f3n completament fiables i que, per tant, no es pot garantir la inexist\u00e8ncia de codi malici\u00f3s o altres elements que puguin produir alteracions en els sistemes inform\u00e0tics de l&#8217;usuari o en els seus documents electr\u00f2nics i fitxers continguts en aquests.<\/p>\n<p><b>DRETS DE PROPIETAT INTEL\u00b7LECTUAL I INDUSTRIAL<\/b><br \/>\nEn virtut del que disposen els articles 8 i 32.1, par\u00e0graf segon, de la Llei de propietat intel\u00b7lectual, queden expressament prohibides la reproducci\u00f3, la distribuci\u00f3 i la comunicaci\u00f3 p\u00fablica, inclosa la seva modalitat de posada a disposici\u00f3, de la totalitat o part dels continguts d&#8217;aquesta p\u00e0gina web, amb finalitats comercials, en qualsevol suport i per qualsevol mitj\u00e0 t\u00e8cnic, sense l&#8217;autoritzaci\u00f3 de BACUS EVENTOS SOCIALES, SL L&#8217;usuari es compromet a respectar els drets de propietat intel\u00b7lectual i industrial titularitat de BACUS EVENTOS SOCIALES, SL<\/p>\n<p>L&#8217;usuari coneix i accepta que la totalitat del lloc web, contenint sense car\u00e0cter exhaustiu el text, programari, continguts (incloent-hi estructura, selecci\u00f3, ordenaci\u00f3 i presentaci\u00f3) podcast, fotografies, material audiovisual i gr\u00e0fics, est\u00e0 protegida per marques, drets d&#8217;autor i altres drets leg\u00edtims, d&#8217;acord amb els tractats internacionals on Espanya \u00e9s part i altres drets de propietat i lleis d&#8217;Espanya. En cas que un usuari o un tercer considerin que s&#8217;ha produ\u00eft una violaci\u00f3 dels seus leg\u00edtims drets de propietat intel\u00b7lectual per la introducci\u00f3 d&#8217;un determinat contingut a la web, haur\u00e0 de notificar aquesta circumst\u00e0ncia a BACUS EVENTOS SOCIALES, SL indicant:<\/p>\n<p>\u2022 Dades personals de l&#8217;interessat titular dels drets presumptament infringits, o indicar la representaci\u00f3 amb qu\u00e8 actua en cas que la reclamaci\u00f3 la presenti un tercer diferent de l&#8217;interessat, assenyalant els continguts protegits pels drets de propietat intel\u00b7lectual i la seva ubicaci\u00f3 a la web , l&#8217;acreditaci\u00f3 dels drets de propietat intel\u00b7lectual assenyalats i declaraci\u00f3 expressa en qu\u00e8 l&#8217;interessat es responsabilitza de la veracitat de les informacions facilitades a la notificaci\u00f3.<\/p>\n<p><b>MESURES DE SEGURETAT<\/b><br \/>\nLes dades personals comunicades per l&#8217;usuari a la web o enviades a trav\u00e9s de correus electr\u00f2nics, poden ser emmagatzemades en bases de dades automatitzades o no, la titularitat de les quals pertany en exclusiva a BACUS EVENTOS SOCIALES, SL assumint aquesta totes les mesures d&#8217;\u00edndole t\u00e8cnica, organitzativa i de seguretat que garanteixen la confidencialitat, integritat i qualitat de la informaci\u00f3 que cont\u00e9 d&#8217;acord amb el que estableix la normativa vigent en protecci\u00f3 de dades. La comunicaci\u00f3 entre els usuaris i BACUS ESDEVENIMENTS SOCIALS, SL utilitza un canal segur, i les dades transmeses s\u00f3n xifrades gr\u00e0cies a protocols a HTTPS, per tant, es garanteix les millors condicions de seguretat perqu\u00e8 la confidencialitat dels usuaris estigui assegurada.<\/p>\n<p><b>EXCLUSI\u00d3 DE GARANTIES<\/b><br \/>\nBACUS ESDEVENIMENTS SOCIALS, SL, no atorga cap garantia ni es fa responsable, en cap cas, dels danys i perjudicis de qualsevol naturalesa que poguessin portar causa de:<br \/>\n\u2022 La manca de disponibilitat, manteniment i efectiu funcionament de la web, o dels seus serveis i continguts;<br \/>\n\u2022 L&#8217;exist\u00e8ncia de codi malici\u00f3s (malware), programes maliciosos o lesius en els continguts;<br \/>\n\u2022 L&#8217;\u00fas il\u00b7l\u00edcit, negligent, fraudulent o contrari a aquest Av\u00eds Legal;<br \/>\n\u2022 La manca de licitud, qualitat, fiabilitat, utilitat i disponibilitat dels serveis prestats per tercers i posats a disposici\u00f3 dels usuaris al lloc web.<br \/>\n\u2022 El prestador no es fa responsable sota cap concepte dels danys que puguin dimanar de l&#8217;\u00fas il\u00b7legal o indegut de la present p\u00e0gina web.<\/p>\n<p><b>LLEI APLICABLE I JURISDICCI\u00d3<\/b><br \/>\nLes relacions entre BACUS EVENTOS SOCIALES, SL, amb els usuaris dels seus productes i serveis, presents a aquesta web es troben sotmeses a la legislaci\u00f3 i jurisdicci\u00f3 espanyoles i als tribunals de Barcelona.<\/p>\n<p><b>CONTACTE<\/b><br \/>\nPer al cas que un usuari de la web tingu\u00e9s algun dubte sobre les Condicions Legals o volgu\u00e9s realitzar qualsevol comentari sobre la web, si us plau envieu un correu electr\u00f2nic a <a href=\"mailto:info@bacusevents.com\">info@bacusevents.com<\/a><\/p>\n<\/div><\/section>\n<\/div><\/div><\/main><!-- close content main element --><\/div><\/div><div id='after_section_1' class='main_color av_default_container_wrap container_wrap sidebar_right' style=' '  ><div class='container' ><div class='template-page content  av-content-small alpha units'><div class='post-entry post-entry-type-page post-entry-10632'><div class='entry-content-wrapper clearfix'>\n","protected":false},"excerpt":{"rendered":"","protected":false},"author":3,"featured_media":7325,"parent":0,"menu_order":0,"comment_status":"closed","ping_status":"closed","template":"","meta":{"footnotes":""},"class_list":["post-10632","page","type-page","status-publish","has-post-thumbnail","hentry"],"yoast_head":"<!-- This site is optimized with the Yoast SEO Premium plugin v27.0 (Yoast SEO v27.6) - https:\/\/yoast.com\/product\/yoast-seo-premium-wordpress\/ -->\n<title>Av\u00eds Legal - Bacus Events - Creaci\u00f3n y Organizaci\u00f3n de Eventos<\/title>\n<meta name=\"robots\" content=\"index, follow, max-snippet:-1, max-image-preview:large, max-video-preview:-1\" \/>\n<link rel=\"canonical\" href=\"https:\/\/bacusevents.com\/ca\/avis-legal\/\" \/>\n<meta property=\"og:locale\" content=\"ca_ES\" \/>\n<meta property=\"og:type\" content=\"article\" \/>\n<meta property=\"og:title\" content=\"Av\u00eds Legal\" \/>\n<meta property=\"og:url\" content=\"https:\/\/bacusevents.com\/ca\/avis-legal\/\" \/>\n<meta property=\"og:site_name\" content=\"Bacus Events - Creaci\u00f3n y Organizaci\u00f3n de Eventos\" \/>\n<meta property=\"article:publisher\" content=\"https:\/\/www.facebook.com\/BacusEventos\" \/>\n<meta property=\"article:modified_time\" content=\"2024-05-01T05:54:25+00:00\" \/>\n<meta property=\"og:image\" content=\"https:\/\/bacusevents.com\/wp-content\/uploads\/2020\/10\/Logo-BacusEvents.jpg\" \/>\n\t<meta property=\"og:image:width\" content=\"75\" \/>\n\t<meta property=\"og:image:height\" content=\"84\" \/>\n\t<meta property=\"og:image:type\" content=\"image\/jpeg\" \/>\n<meta name=\"twitter:card\" content=\"summary_large_image\" \/>\n<meta name=\"twitter:label1\" content=\"Temps estimat de lectura\" \/>\n\t<meta name=\"twitter:data1\" content=\"7 minuts\" \/>\n<script type=\"application\/ld+json\" class=\"yoast-schema-graph\">{\"@context\":\"https:\\\/\\\/schema.org\",\"@graph\":[{\"@type\":\"WebPage\",\"@id\":\"https:\\\/\\\/bacusevents.com\\\/ca\\\/avis-legal\\\/\",\"url\":\"https:\\\/\\\/bacusevents.com\\\/ca\\\/avis-legal\\\/\",\"name\":\"Av\u00eds Legal - Bacus Events - Creaci\u00f3n y Organizaci\u00f3n de Eventos\",\"isPartOf\":{\"@id\":\"https:\\\/\\\/bacusevents.com\\\/ca\\\/#website\"},\"primaryImageOfPage\":{\"@id\":\"https:\\\/\\\/bacusevents.com\\\/ca\\\/avis-legal\\\/#primaryimage\"},\"image\":{\"@id\":\"https:\\\/\\\/bacusevents.com\\\/ca\\\/avis-legal\\\/#primaryimage\"},\"thumbnailUrl\":\"https:\\\/\\\/bacusevents.com\\\/wp-content\\\/uploads\\\/2020\\\/10\\\/Logo-BacusEvents.jpg\",\"datePublished\":\"2017-02-02T12:29:24+00:00\",\"dateModified\":\"2024-05-01T05:54:25+00:00\",\"breadcrumb\":{\"@id\":\"https:\\\/\\\/bacusevents.com\\\/ca\\\/avis-legal\\\/#breadcrumb\"},\"inLanguage\":\"ca\",\"potentialAction\":[{\"@type\":\"ReadAction\",\"target\":[\"https:\\\/\\\/bacusevents.com\\\/ca\\\/avis-legal\\\/\"]}]},{\"@type\":\"ImageObject\",\"inLanguage\":\"ca\",\"@id\":\"https:\\\/\\\/bacusevents.com\\\/ca\\\/avis-legal\\\/#primaryimage\",\"url\":\"https:\\\/\\\/bacusevents.com\\\/wp-content\\\/uploads\\\/2020\\\/10\\\/Logo-BacusEvents.jpg\",\"contentUrl\":\"https:\\\/\\\/bacusevents.com\\\/wp-content\\\/uploads\\\/2020\\\/10\\\/Logo-BacusEvents.jpg\",\"width\":75,\"height\":84,\"caption\":\"Organizaci\u00f3n de eventos\"},{\"@type\":\"BreadcrumbList\",\"@id\":\"https:\\\/\\\/bacusevents.com\\\/ca\\\/avis-legal\\\/#breadcrumb\",\"itemListElement\":[{\"@type\":\"ListItem\",\"position\":1,\"name\":\"Portada\",\"item\":\"https:\\\/\\\/bacusevents.com\\\/ca\\\/\"},{\"@type\":\"ListItem\",\"position\":2,\"name\":\"Av\u00eds Legal\"}]},{\"@type\":\"WebSite\",\"@id\":\"https:\\\/\\\/bacusevents.com\\\/ca\\\/#website\",\"url\":\"https:\\\/\\\/bacusevents.com\\\/ca\\\/\",\"name\":\"Bacus Events - Creaci\u00f3n y Organizaci\u00f3n de Eventos\",\"description\":\"Bacus Events - Creaci\u00f3n y Organizaci\u00f3n de Eventos\",\"publisher\":{\"@id\":\"https:\\\/\\\/bacusevents.com\\\/ca\\\/#organization\"},\"potentialAction\":[{\"@type\":\"SearchAction\",\"target\":{\"@type\":\"EntryPoint\",\"urlTemplate\":\"https:\\\/\\\/bacusevents.com\\\/ca\\\/?s={search_term_string}\"},\"query-input\":{\"@type\":\"PropertyValueSpecification\",\"valueRequired\":true,\"valueName\":\"search_term_string\"}}],\"inLanguage\":\"ca\"},{\"@type\":\"Organization\",\"@id\":\"https:\\\/\\\/bacusevents.com\\\/ca\\\/#organization\",\"name\":\"Bacus Events - Creaci\u00f3n y Organizaci\u00f3n de Eventos\",\"url\":\"https:\\\/\\\/bacusevents.com\\\/ca\\\/\",\"logo\":{\"@type\":\"ImageObject\",\"inLanguage\":\"ca\",\"@id\":\"https:\\\/\\\/bacusevents.com\\\/ca\\\/#\\\/schema\\\/logo\\\/image\\\/\",\"url\":\"https:\\\/\\\/bacusevents.com\\\/wp-content\\\/uploads\\\/2025\\\/03\\\/BacusEvents-5.png\",\"contentUrl\":\"https:\\\/\\\/bacusevents.com\\\/wp-content\\\/uploads\\\/2025\\\/03\\\/BacusEvents-5.png\",\"width\":393,\"height\":426,\"caption\":\"Bacus Events - Creaci\u00f3n y Organizaci\u00f3n de Eventos\"},\"image\":{\"@id\":\"https:\\\/\\\/bacusevents.com\\\/ca\\\/#\\\/schema\\\/logo\\\/image\\\/\"},\"sameAs\":[\"https:\\\/\\\/www.facebook.com\\\/BacusEventos\",\"https:\\\/\\\/www.instagram.com\\\/bacusevents\\\/\",\"https:\\\/\\\/www.linkedin.com\\\/company\\\/1481874\\\/admin\\\/dashboard\\\/\"]}]}<\/script>\n<!-- \/ Yoast SEO Premium plugin. -->","yoast_head_json":{"title":"Av\u00eds Legal - Bacus Events - Creaci\u00f3n y Organizaci\u00f3n de Eventos","robots":{"index":"index","follow":"follow","max-snippet":"max-snippet:-1","max-image-preview":"max-image-preview:large","max-video-preview":"max-video-preview:-1"},"canonical":"https:\/\/bacusevents.com\/ca\/avis-legal\/","og_locale":"ca_ES","og_type":"article","og_title":"Av\u00eds Legal","og_url":"https:\/\/bacusevents.com\/ca\/avis-legal\/","og_site_name":"Bacus Events - Creaci\u00f3n y Organizaci\u00f3n de Eventos","article_publisher":"https:\/\/www.facebook.com\/BacusEventos","article_modified_time":"2024-05-01T05:54:25+00:00","og_image":[{"width":75,"height":84,"url":"https:\/\/bacusevents.com\/wp-content\/uploads\/2020\/10\/Logo-BacusEvents.jpg","type":"image\/jpeg"}],"twitter_card":"summary_large_image","twitter_misc":{"Temps estimat de lectura":"7 minuts"},"schema":{"@context":"https:\/\/schema.org","@graph":[{"@type":"WebPage","@id":"https:\/\/bacusevents.com\/ca\/avis-legal\/","url":"https:\/\/bacusevents.com\/ca\/avis-legal\/","name":"Av\u00eds Legal - Bacus Events - Creaci\u00f3n y Organizaci\u00f3n de Eventos","isPartOf":{"@id":"https:\/\/bacusevents.com\/ca\/#website"},"primaryImageOfPage":{"@id":"https:\/\/bacusevents.com\/ca\/avis-legal\/#primaryimage"},"image":{"@id":"https:\/\/bacusevents.com\/ca\/avis-legal\/#primaryimage"},"thumbnailUrl":"https:\/\/bacusevents.com\/wp-content\/uploads\/2020\/10\/Logo-BacusEvents.jpg","datePublished":"2017-02-02T12:29:24+00:00","dateModified":"2024-05-01T05:54:25+00:00","breadcrumb":{"@id":"https:\/\/bacusevents.com\/ca\/avis-legal\/#breadcrumb"},"inLanguage":"ca","potentialAction":[{"@type":"ReadAction","target":["https:\/\/bacusevents.com\/ca\/avis-legal\/"]}]},{"@type":"ImageObject","inLanguage":"ca","@id":"https:\/\/bacusevents.com\/ca\/avis-legal\/#primaryimage","url":"https:\/\/bacusevents.com\/wp-content\/uploads\/2020\/10\/Logo-BacusEvents.jpg","contentUrl":"https:\/\/bacusevents.com\/wp-content\/uploads\/2020\/10\/Logo-BacusEvents.jpg","width":75,"height":84,"caption":"Organizaci\u00f3n de eventos"},{"@type":"BreadcrumbList","@id":"https:\/\/bacusevents.com\/ca\/avis-legal\/#breadcrumb","itemListElement":[{"@type":"ListItem","position":1,"name":"Portada","item":"https:\/\/bacusevents.com\/ca\/"},{"@type":"ListItem","position":2,"name":"Av\u00eds Legal"}]},{"@type":"WebSite","@id":"https:\/\/bacusevents.com\/ca\/#website","url":"https:\/\/bacusevents.com\/ca\/","name":"Bacus Events - Creaci\u00f3n y Organizaci\u00f3n de Eventos","description":"Bacus Events - Creaci\u00f3n y Organizaci\u00f3n de Eventos","publisher":{"@id":"https:\/\/bacusevents.com\/ca\/#organization"},"potentialAction":[{"@type":"SearchAction","target":{"@type":"EntryPoint","urlTemplate":"https:\/\/bacusevents.com\/ca\/?s={search_term_string}"},"query-input":{"@type":"PropertyValueSpecification","valueRequired":true,"valueName":"search_term_string"}}],"inLanguage":"ca"},{"@type":"Organization","@id":"https:\/\/bacusevents.com\/ca\/#organization","name":"Bacus Events - Creaci\u00f3n y Organizaci\u00f3n de Eventos","url":"https:\/\/bacusevents.com\/ca\/","logo":{"@type":"ImageObject","inLanguage":"ca","@id":"https:\/\/bacusevents.com\/ca\/#\/schema\/logo\/image\/","url":"https:\/\/bacusevents.com\/wp-content\/uploads\/2025\/03\/BacusEvents-5.png","contentUrl":"https:\/\/bacusevents.com\/wp-content\/uploads\/2025\/03\/BacusEvents-5.png","width":393,"height":426,"caption":"Bacus Events - Creaci\u00f3n y Organizaci\u00f3n de Eventos"},"image":{"@id":"https:\/\/bacusevents.com\/ca\/#\/schema\/logo\/image\/"},"sameAs":["https:\/\/www.facebook.com\/BacusEventos","https:\/\/www.instagram.com\/bacusevents\/","https:\/\/www.linkedin.com\/company\/1481874\/admin\/dashboard\/"]}]}},"_links":{"self":[{"href":"https:\/\/bacusevents.com\/ca\/wp-json\/wp\/v2\/pages\/10632","targetHints":{"allow":["GET"]}}],"collection":[{"href":"https:\/\/bacusevents.com\/ca\/wp-json\/wp\/v2\/pages"}],"about":[{"href":"https:\/\/bacusevents.com\/ca\/wp-json\/wp\/v2\/types\/page"}],"author":[{"embeddable":true,"href":"https:\/\/bacusevents.com\/ca\/wp-json\/wp\/v2\/users\/3"}],"replies":[{"embeddable":true,"href":"https:\/\/bacusevents.com\/ca\/wp-json\/wp\/v2\/comments?post=10632"}],"version-history":[{"count":2,"href":"https:\/\/bacusevents.com\/ca\/wp-json\/wp\/v2\/pages\/10632\/revisions"}],"predecessor-version":[{"id":10644,"href":"https:\/\/bacusevents.com\/ca\/wp-json\/wp\/v2\/pages\/10632\/revisions\/10644"}],"wp:featuredmedia":[{"embeddable":true,"href":"https:\/\/bacusevents.com\/ca\/wp-json\/wp\/v2\/media\/7325"}],"wp:attachment":[{"href":"https:\/\/bacusevents.com\/ca\/wp-json\/wp\/v2\/media?parent=10632"}],"curies":[{"name":"wp","href":"https:\/\/api.w.org\/{rel}","templated":true}]}}