{"id":10651,"date":"2020-10-03T05:10:40","date_gmt":"2020-10-03T05:10:40","guid":{"rendered":"https:\/\/bacusevents.com\/qui-som\/"},"modified":"2025-03-04T18:16:23","modified_gmt":"2025-03-04T18:16:23","slug":"qui-som","status":"publish","type":"page","link":"https:\/\/bacusevents.com\/ca\/qui-som\/","title":{"rendered":"QUI SOM"},"content":{"rendered":"<div id='av_section_1' class='avia-section main_color avia-section-huge avia-no-shadow avia-full-stretch av-section-color-overlay-active avia-bg-style-scroll  avia-builder-el-0  el_before_av_section  avia-builder-el-first    container_wrap sidebar_right' style='background-repeat: no-repeat; background-image: url(https:\/\/bacusevents.com\/wp-content\/uploads\/2023\/05\/BACK3-2.jpg);background-attachment: scroll; background-position: top center;  '  data-section-bg-repeat='stretch'><div class='av-section-color-overlay-wrap'><div class='av-section-color-overlay' style='opacity: 0.5; background-color: #000000; '><\/div><div class='container' ><main  role=\"main\" itemprop=\"mainContentOfPage\"  class='template-page content  av-content-small alpha units'><div class='post-entry post-entry-type-page post-entry-10651'><div class='entry-content-wrapper clearfix'>\n<div style='padding-bottom:0px; color:#ffffff;font-size:40px;' class='av-special-heading av-special-heading-h1 custom-color-heading blockquote modern-quote modern-centered  avia-builder-el-1  el_before_av_one_half  avia-builder-el-first   av-inherit-size '><h1 class='av-special-heading-tag '  itemprop=\"headline\"  ><\/p>\n<p><\/h1><div class='special-heading-border'><div class='special-heading-inner-border' style='border-color:#ffffff'><\/div><\/div><\/div>\n<div class=\"flex_column av_one_half  flex_column_div av-zero-column-padding first  avia-builder-el-2  el_after_av_heading  el_before_av_one_half  \" style='border-radius:0px; '><p><div style='padding-bottom:0px; font-size:40px;' class='av-special-heading av-special-heading-h2  blockquote modern-quote  avia-builder-el-3  el_before_av_textblock  avia-builder-el-first   av-inherit-size '><h2 class='av-special-heading-tag '  itemprop=\"headline\"  >Com va comen\u00e7ar tot&#8230;<\/h2><div class='special-heading-border'><div class='special-heading-inner-border' ><\/div><\/div><\/div><br \/>\n<section class=\"av_textblock_section \"  itemscope=\"itemscope\" itemtype=\"https:\/\/schema.org\/CreativeWork\" ><div class='avia_textblock  av_inherit_color '  style='color:#ffffff; '  itemprop=\"text\" ><p>A <strong>Bacus Events<\/strong> combinem m\u00e9s de trenta anys d&#8217;experi\u00e8ncia amb solucions creatives, assessorament expert i una producci\u00f3 integral d&#8217;esdeveniments per fer realitat experi\u00e8ncies \u00faniques i memorables. El nostre \u00e8xit es basa en un coneixement profund del territori i una xarxa selecta de prove\u00efdors que asseguren l&#8217;excel\u00b7l\u00e8ncia en cada detall. <\/p>\n<p>Des del principi, ens hem convertit en un col\u00b7laborador estrat\u00e8gic per a empreses que busquen esdeveniments corporatius impactants. La nostra missi\u00f3 \u00e9s clara: oferir el millor servei i superar totes les expectatives, creant moments que connecten, inspiren i emocionen. <\/p>\n<p>Som especialistes en Congressos i Convencions, Llan\u00e7aments de Productes, Sopars de Gala i Esdeveniments Tem\u00e0tics, Summer i Xmas Parties, Family Days i Activitats de Teambuilding, Inauguracions i Esdeveniments Institucionals, Fires, Stands i Branding estrat\u00e8gic, Incentius per a clients i treballadors.<\/p>\n<p>A Bacus Events, cada esdeveniment \u00e9s una oportunitat per superar els l\u00edmits de la creativitat i convertir idees en experi\u00e8ncies extraordin\u00e0ries.<\/p>\n<\/div><\/section><br \/>\n<div style='height:30px' class='hr hr-invisible   avia-builder-el-5  el_after_av_textblock  avia-builder-el-last '><span class='hr-inner ' ><span class='hr-inner-style'><\/span><\/span><\/div><\/p><\/div><div class=\"flex_column av_one_half  flex_column_div av-zero-column-padding   avia-builder-el-6  el_after_av_one_half  el_before_av_textblock  \" style='border-radius:0px; '><p><div style='padding-bottom:0px; font-size:40px;' class='av-special-heading av-special-heading-h2  blockquote modern-quote  avia-builder-el-7  el_before_av_textblock  avia-builder-el-first   av-inherit-size '><h2 class='av-special-heading-tag '  itemprop=\"headline\"  >La nostra filosofia<\/h2><div class='special-heading-border'><div class='special-heading-inner-border' ><\/div><\/div><\/div><br \/>\n<section class=\"av_textblock_section \"  itemscope=\"itemscope\" itemtype=\"https:\/\/schema.org\/CreativeWork\" ><div class='avia_textblock  av_inherit_color '  style='color:#ffffff; '  itemprop=\"text\" ><p>A <strong>Bacus Events<\/strong> , comptem amb una metodologia pr\u00f2pia i uns objectius clars: maximitzar els recursos de cada client i transformar cada esdeveniment en una experi\u00e8ncia inoblidable. Per nosaltres, no hi ha esdeveniment petit. Ens involucrem amb la mateixa passi\u00f3 i dedicaci\u00f3 tant als projectes m\u00e9s senzills com a aquells de gran complexitat, ja sigui per volum o contingut.  <\/p>\n<p>Creiem fermament que els esdeveniments es fan realitat gr\u00e0cies a les persones.<\/p>\n<p>La professionalitat, la m\u00e0xima qualitat dels serveis i latenci\u00f3 al detall no s\u00f3n negociables. S\u00f3n l&#8217;ess\u00e8ncia de <strong>Bacus Events<\/strong> i all\u00f2 que ens distingeix. Ens apassiona el que fem. Estimem aquest m\u00f3n i ens entusiasma convertir les idees dels nostres clients en experi\u00e8ncies memorables.   <\/p>\n<p>Amb <strong>Bacus Events<\/strong> , cada projecte \u00e9s una oportunitat per superar expectatives i crear moments que inspiren i connecten.<\/p>\n<p>T&#8217;atreveixes a viure la passi\u00f3 de <strong>Bacus Events<\/strong> al teu proper esdeveniment?<\/p>\n<\/div><\/section><br \/>\n<div style='height:30px' class='hr hr-invisible   avia-builder-el-9  el_after_av_textblock  avia-builder-el-last '><span class='hr-inner ' ><span class='hr-inner-style'><\/span><\/span><\/div><\/p><\/div><section class=\"av_textblock_section \"  itemscope=\"itemscope\" itemtype=\"https:\/\/schema.org\/CreativeWork\" ><div class='avia_textblock  av_inherit_color '  style='color:#dddddd; '  itemprop=\"text\" ><\/div><\/section>\n\n<\/div><\/div><\/main><!-- close content main element --><\/div><\/div><\/div><div id='av_section_2' class='avia-section main_color avia-section-large avia-no-border-styling avia-bg-style-scroll  avia-builder-el-11  el_after_av_section  el_before_av_layout_row   container_wrap sidebar_right' style=' '  ><div class='container' ><div class='template-page content  av-content-small alpha units'><div class='post-entry post-entry-type-page post-entry-10651'><div class='entry-content-wrapper clearfix'>\n<div class=\"flex_column av_one_half  flex_column_div av-zero-column-padding first  avia-builder-el-12  el_before_av_one_half  avia-builder-el-first  \" style='border-radius:0px; '><p><div style='padding-bottom:0px; font-size:40px;' class='av-special-heading av-special-heading-h2  blockquote modern-quote  avia-builder-el-13  el_before_av_hr  avia-builder-el-first   av-inherit-size '><h2 class='av-special-heading-tag '  itemprop=\"headline\"  >Qu\u00e8 fem?<\/h2><div class='special-heading-border'><div class='special-heading-inner-border' ><\/div><\/div><\/div><br \/>\n<div style=' margin-top:10px; margin-bottom:10px;'  class='hr hr-custom hr-left hr-icon-no   avia-builder-el-14  el_after_av_heading  el_before_av_textblock '><span class='hr-inner   inner-border-av-border-fat' style=' width:50px; border-color:#000000;' ><span class='hr-inner-style'><\/span><\/span><\/div><br \/>\n<section class=\"av_textblock_section \"  itemscope=\"itemscope\" itemtype=\"https:\/\/schema.org\/CreativeWork\" ><div class='avia_textblock  '   itemprop=\"text\" ><p>A <strong>Bacus Events<\/strong> , analitzem a fons cada briefing, comprenent el perfil del client i els seus objectius per dissenyar conceptes i experi\u00e8ncies \u00faniques. Ens apassiona crear projectes personalitzats ia mida, transformant idees en esdeveniments memorables que marquen la difer\u00e8ncia. <\/p>\n<p>Ens encarreguem de localitzar i seleccionar prove\u00efdors estrat\u00e8gics, assegurant sempre la millor qualitat i ajustant-nos al pressupost assignat. Actuem com una veritable extensi\u00f3 del teu equip, aportant el nostre suport creatiu i experi\u00e8ncia en producci\u00f3 perqu\u00e8 cada detall sigui perfecte. <\/p>\n<p>El nostre secret \u00e9s simple per\u00f2 poder\u00f3s: unim el teu producte o objectiu a la nostra creativitat conceptual ia una execuci\u00f3 excepcional, aconseguint un resultat que no nom\u00e9s sorpr\u00e8n, sin\u00f3 que tamb\u00e9 deixa una empremta duradora.<\/p>\n<p>Amb <strong>Bacus Events<\/strong> , cada projecte \u00e9s una oportunitat per crear experi\u00e8ncies inoblidables que inspiren i connecten.<\/p>\n<\/div><\/section><\/p><\/div><div class=\"flex_column av_one_half  flex_column_div av-zero-column-padding   avia-builder-el-16  el_after_av_one_half  avia-builder-el-last  \" style='border-radius:0px; '><p><div style='padding-bottom:0px; font-size:40px;' class='av-special-heading av-special-heading-h2  blockquote modern-quote  avia-builder-el-17  el_before_av_hr  avia-builder-el-first   av-inherit-size '><h2 class='av-special-heading-tag '  itemprop=\"headline\"  >Com ho fem?<\/h2><div class='special-heading-border'><div class='special-heading-inner-border' ><\/div><\/div><\/div><br \/>\n<div style=' margin-top:10px; margin-bottom:10px;'  class='hr hr-custom hr-left hr-icon-no   avia-builder-el-18  el_after_av_heading  el_before_av_textblock '><span class='hr-inner   inner-border-av-border-fat' style=' width:50px; border-color:#000000;' ><span class='hr-inner-style'><\/span><\/span><\/div><br \/>\n<section class=\"av_textblock_section \"  itemscope=\"itemscope\" itemtype=\"https:\/\/schema.org\/CreativeWork\" ><div class='avia_textblock  '   itemprop=\"text\" ><p>A <strong>Bacus Events<\/strong> , sabem com \u00e9s de valu\u00f3s el teu temps. Per aix\u00f2, ens enfoquem a reduir la teva inversi\u00f3 en temps i recursos a totes les fases de l&#8217;esdeveniment: abans, durant i despr\u00e9s. El nostre objectiu \u00e9s fer que gaudeixis del proc\u00e9s sense complicacions.  <\/p>\n<p>Ens comprometem a la m\u00e0xima efici\u00e8ncia, presentant propostes base en 24-48 hores laborals perqu\u00e8 puguis prendre decisions r\u00e0pides i segures.<\/p>\n<p>La confian\u00e7a i la seguretat s\u00f3n pilars per a nosaltres. Per aix\u00f2, oferim contractes de garantia de no compet\u00e8ncia i confidencialitat, assegurant que cada projecte es gestioni amb la m\u00e0xima discreci\u00f3. <\/p>\n<p>El nostre equip\u00e0s de producci\u00f3, creativitat i disseny propis treballa amb passi\u00f3 i dedicaci\u00f3 per convertir cada idea en una experi\u00e8ncia memorable.<\/p>\n<p>Amb <strong>Bacus Events<\/strong> , tens la seguretat de treballar amb un equip comprom\u00e8s amb l&#8217;excel\u00b7l\u00e8ncia, la transpar\u00e8ncia i els resultats.<\/p>\n<p>Est\u00e0s llest per descobrir com podem transformar el teu proper Esdeveniment?<\/p>\n<\/div><\/section><\/p><\/div><\/div><\/div><\/div><!-- close content main div --><\/div><\/div><div id='av-layout-grid-1' class='av-layout-grid-container entry-content-wrapper main_color av-flex-cells   av-border-top-bottom  avia-builder-el-20  el_after_av_section  avia-builder-el-last  submenu-not-first container_wrap sidebar_right' style=' '  >\n<div class=\"flex_cell no_margin av_one_fourth  avia-builder-el-21  el_before_av_cell_one_fourth  avia-builder-el-first   \" style='vertical-align:middle; padding:50px; '><div class='flex_cell_inner' ><div class=\"avia-animated-number av-force-default-color  avia-color-  avia-builder-el-22  avia-builder-el-no-sibling   avia_animate_when_visible\"  data-timer=\"3000\"><strong class=\"heading avia-animated-number-title\" ><span class=\"avia-single-number __av-single-number\" data-number_format=\"\" data-number=\"1\">1<\/span><span class=\"avia-no-number\"> Founder<\/span><\/strong><div class='avia-animated-number-content' ><p>Visionari, emprenedor, estrat\u00e8gic i sempre proper.<\/p>\n<\/div><\/div>\n<\/div><\/div><div class=\"flex_cell no_margin av_one_fourth  avia-builder-el-23  el_after_av_cell_one_fourth  el_before_av_cell_one_fourth   \" style='vertical-align:middle; padding:50px; background-color:#fbfbfb; '><div class='flex_cell_inner' ><div class=\"avia-animated-number av-force-default-color  avia-color-  avia-builder-el-24  avia-builder-el-no-sibling   avia_animate_when_visible\"  data-timer=\"3000\"><strong class=\"heading avia-animated-number-title\" ><span class=\"avia-no-number\">Bacus Team<\/span><\/strong><div class='avia-animated-number-content' ><p>Professionals que fan sentir part de la fam\u00edlia Bacus.<\/p>\n<\/div><\/div>\n<\/div><\/div><div class=\"flex_cell no_margin av_one_fourth  avia-builder-el-25  el_after_av_cell_one_fourth  el_before_av_cell_one_fourth   \" style='vertical-align:middle; padding:50px; background-color:#f8f8f8; '><div class='flex_cell_inner' ><div class=\"avia-animated-number av-force-default-color  avia-color-  avia-builder-el-26  avia-builder-el-no-sibling   avia_animate_when_visible\"  data-timer=\"3000\"><strong class=\"heading avia-animated-number-title\" ><span class=\"avia-single-number __av-single-number\" data-number_format=\"\" data-number=\"24\">24<\/span><span class=\"avia-no-number\">\/<\/span><span class=\"avia-single-number __av-single-number\" data-number_format=\"\" data-number=\"7\">7<\/span><span class=\"avia-no-number\"> Suport<\/span><\/strong><div class='avia-animated-number-content' ><p>Necessites ajuda? Compte amb nosaltres sempre!<\/p>\n<\/div><\/div>\n<\/div><\/div><div class=\"flex_cell no_margin av_one_fourth  avia-builder-el-27  el_after_av_cell_one_fourth  avia-builder-el-last   \" style='vertical-align:middle; padding:50px; background-color:#f1f1f1; '><div class='flex_cell_inner' ><div class=\"avia-animated-number av-force-default-color  avia-color-  avia-builder-el-28  avia-builder-el-no-sibling   avia_animate_when_visible\"  data-timer=\"3000\"><strong class=\"heading avia-animated-number-title\" ><span class=\"avia-single-number __av-single-number\" data-number_format=\"\" data-number=\"2\">2<\/span><span class=\"avia-no-number\">.<\/span><span class=\"avia-single-number __av-single-number\" data-number_format=\"\" data-number=\"507\">507<\/span><span class=\"avia-no-number\"> Projectes<\/span><\/strong><div class='avia-animated-number-content' ><p>I cada dia creixent amb tu. La nostra experi\u00e8ncia ens defineix!<\/p>\n<\/div><\/div>\n<\/div><\/div><\/div><\/p>\n","protected":false},"excerpt":{"rendered":"","protected":false},"author":3,"featured_media":8355,"parent":0,"menu_order":0,"comment_status":"closed","ping_status":"closed","template":"","meta":{"footnotes":""},"class_list":["post-10651","page","type-page","status-publish","has-post-thumbnail","hentry"],"yoast_head":"<!-- This site is optimized with the Yoast SEO Premium plugin v27.0 (Yoast SEO v27.4) - https:\/\/yoast.com\/product\/yoast-seo-premium-wordpress\/ -->\n<title>Ag\u00e8ncia d&#039;esdeveniments: Experi\u00e8ncies memorables \u00faniques - Bacus Events - Creaci\u00f3n y Organizaci\u00f3n de Eventos<\/title>\n<meta name=\"description\" content=\"Descobreix com la nostra Ag\u00e8ncia d&#039;esdeveniments crea experi\u00e8ncies memorables amb m\u00e9s de trenta anys d&#039;experi\u00e8ncia a la producci\u00f3.\" \/>\n<meta name=\"robots\" content=\"index, follow, max-snippet:-1, max-image-preview:large, max-video-preview:-1\" \/>\n<link rel=\"canonical\" href=\"https:\/\/bacusevents.com\/ca\/qui-som\/\" \/>\n<meta property=\"og:locale\" content=\"ca_ES\" \/>\n<meta property=\"og:type\" content=\"article\" \/>\n<meta property=\"og:title\" content=\"QUI SOM\" \/>\n<meta property=\"og:description\" content=\"Descobreix com la nostra Ag\u00e8ncia d&#039;esdeveniments crea experi\u00e8ncies memorables amb m\u00e9s de trenta anys d&#039;experi\u00e8ncia a la producci\u00f3.\" \/>\n<meta property=\"og:url\" content=\"https:\/\/bacusevents.com\/ca\/qui-som\/\" \/>\n<meta property=\"og:site_name\" content=\"Bacus Events - Creaci\u00f3n y Organizaci\u00f3n de Eventos\" \/>\n<meta property=\"article:publisher\" content=\"https:\/\/www.facebook.com\/BacusEventos\" \/>\n<meta property=\"article:modified_time\" content=\"2025-03-04T18:16:23+00:00\" \/>\n<meta property=\"og:image\" content=\"https:\/\/bacusevents.com\/wp-content\/uploads\/2023\/05\/Quienes-somos-Portada-scaled.jpg\" \/>\n\t<meta property=\"og:image:width\" content=\"2560\" \/>\n\t<meta property=\"og:image:height\" content=\"1213\" \/>\n\t<meta property=\"og:image:type\" content=\"image\/jpeg\" \/>\n<meta name=\"twitter:card\" content=\"summary_large_image\" \/>\n<meta name=\"twitter:label1\" content=\"Temps estimat de lectura\" \/>\n\t<meta name=\"twitter:data1\" content=\"12 minuts\" \/>\n<script type=\"application\/ld+json\" class=\"yoast-schema-graph\">{\"@context\":\"https:\\\/\\\/schema.org\",\"@graph\":[{\"@type\":\"WebPage\",\"@id\":\"https:\\\/\\\/bacusevents.com\\\/ca\\\/qui-som\\\/\",\"url\":\"https:\\\/\\\/bacusevents.com\\\/ca\\\/qui-som\\\/\",\"name\":\"Ag\u00e8ncia d'esdeveniments: Experi\u00e8ncies memorables \u00faniques - Bacus Events - Creaci\u00f3n y Organizaci\u00f3n de Eventos\",\"isPartOf\":{\"@id\":\"https:\\\/\\\/bacusevents.com\\\/ca\\\/#website\"},\"primaryImageOfPage\":{\"@id\":\"https:\\\/\\\/bacusevents.com\\\/ca\\\/qui-som\\\/#primaryimage\"},\"image\":{\"@id\":\"https:\\\/\\\/bacusevents.com\\\/ca\\\/qui-som\\\/#primaryimage\"},\"thumbnailUrl\":\"https:\\\/\\\/bacusevents.com\\\/wp-content\\\/uploads\\\/2023\\\/05\\\/Quienes-somos-Portada-scaled.jpg\",\"datePublished\":\"2020-10-03T05:10:40+00:00\",\"dateModified\":\"2025-03-04T18:16:23+00:00\",\"description\":\"Descobreix com la nostra Ag\u00e8ncia d'esdeveniments crea experi\u00e8ncies memorables amb m\u00e9s de trenta anys d'experi\u00e8ncia a la producci\u00f3.\",\"breadcrumb\":{\"@id\":\"https:\\\/\\\/bacusevents.com\\\/ca\\\/qui-som\\\/#breadcrumb\"},\"inLanguage\":\"ca\",\"potentialAction\":[{\"@type\":\"ReadAction\",\"target\":[\"https:\\\/\\\/bacusevents.com\\\/ca\\\/qui-som\\\/\"]}]},{\"@type\":\"ImageObject\",\"inLanguage\":\"ca\",\"@id\":\"https:\\\/\\\/bacusevents.com\\\/ca\\\/qui-som\\\/#primaryimage\",\"url\":\"https:\\\/\\\/bacusevents.com\\\/wp-content\\\/uploads\\\/2023\\\/05\\\/Quienes-somos-Portada-scaled.jpg\",\"contentUrl\":\"https:\\\/\\\/bacusevents.com\\\/wp-content\\\/uploads\\\/2023\\\/05\\\/Quienes-somos-Portada-scaled.jpg\",\"width\":2802,\"height\":1328},{\"@type\":\"BreadcrumbList\",\"@id\":\"https:\\\/\\\/bacusevents.com\\\/ca\\\/qui-som\\\/#breadcrumb\",\"itemListElement\":[{\"@type\":\"ListItem\",\"position\":1,\"name\":\"Portada\",\"item\":\"https:\\\/\\\/bacusevents.com\\\/ca\\\/\"},{\"@type\":\"ListItem\",\"position\":2,\"name\":\"QUI SOM\"}]},{\"@type\":\"WebSite\",\"@id\":\"https:\\\/\\\/bacusevents.com\\\/ca\\\/#website\",\"url\":\"https:\\\/\\\/bacusevents.com\\\/ca\\\/\",\"name\":\"Bacus Events - Creaci\u00f3n y Organizaci\u00f3n de Eventos\",\"description\":\"Bacus Events - Creaci\u00f3n y Organizaci\u00f3n de Eventos\",\"publisher\":{\"@id\":\"https:\\\/\\\/bacusevents.com\\\/ca\\\/#organization\"},\"potentialAction\":[{\"@type\":\"SearchAction\",\"target\":{\"@type\":\"EntryPoint\",\"urlTemplate\":\"https:\\\/\\\/bacusevents.com\\\/ca\\\/?s={search_term_string}\"},\"query-input\":{\"@type\":\"PropertyValueSpecification\",\"valueRequired\":true,\"valueName\":\"search_term_string\"}}],\"inLanguage\":\"ca\"},{\"@type\":\"Organization\",\"@id\":\"https:\\\/\\\/bacusevents.com\\\/ca\\\/#organization\",\"name\":\"Bacus Events - Creaci\u00f3n y Organizaci\u00f3n de Eventos\",\"url\":\"https:\\\/\\\/bacusevents.com\\\/ca\\\/\",\"logo\":{\"@type\":\"ImageObject\",\"inLanguage\":\"ca\",\"@id\":\"https:\\\/\\\/bacusevents.com\\\/ca\\\/#\\\/schema\\\/logo\\\/image\\\/\",\"url\":\"https:\\\/\\\/bacusevents.com\\\/wp-content\\\/uploads\\\/2025\\\/03\\\/BacusEvents-5.png\",\"contentUrl\":\"https:\\\/\\\/bacusevents.com\\\/wp-content\\\/uploads\\\/2025\\\/03\\\/BacusEvents-5.png\",\"width\":393,\"height\":426,\"caption\":\"Bacus Events - Creaci\u00f3n y Organizaci\u00f3n de Eventos\"},\"image\":{\"@id\":\"https:\\\/\\\/bacusevents.com\\\/ca\\\/#\\\/schema\\\/logo\\\/image\\\/\"},\"sameAs\":[\"https:\\\/\\\/www.facebook.com\\\/BacusEventos\",\"https:\\\/\\\/www.instagram.com\\\/bacusevents\\\/\",\"https:\\\/\\\/www.linkedin.com\\\/company\\\/1481874\\\/admin\\\/dashboard\\\/\"]}]}<\/script>\n<!-- \/ Yoast SEO Premium plugin. -->","yoast_head_json":{"title":"Ag\u00e8ncia d'esdeveniments: Experi\u00e8ncies memorables \u00faniques - Bacus Events - Creaci\u00f3n y Organizaci\u00f3n de Eventos","description":"Descobreix com la nostra Ag\u00e8ncia d'esdeveniments crea experi\u00e8ncies memorables amb m\u00e9s de trenta anys d'experi\u00e8ncia a la producci\u00f3.","robots":{"index":"index","follow":"follow","max-snippet":"max-snippet:-1","max-image-preview":"max-image-preview:large","max-video-preview":"max-video-preview:-1"},"canonical":"https:\/\/bacusevents.com\/ca\/qui-som\/","og_locale":"ca_ES","og_type":"article","og_title":"QUI SOM","og_description":"Descobreix com la nostra Ag\u00e8ncia d'esdeveniments crea experi\u00e8ncies memorables amb m\u00e9s de trenta anys d'experi\u00e8ncia a la producci\u00f3.","og_url":"https:\/\/bacusevents.com\/ca\/qui-som\/","og_site_name":"Bacus Events - Creaci\u00f3n y Organizaci\u00f3n de Eventos","article_publisher":"https:\/\/www.facebook.com\/BacusEventos","article_modified_time":"2025-03-04T18:16:23+00:00","og_image":[{"width":2560,"height":1213,"url":"https:\/\/bacusevents.com\/wp-content\/uploads\/2023\/05\/Quienes-somos-Portada-scaled.jpg","type":"image\/jpeg"}],"twitter_card":"summary_large_image","twitter_misc":{"Temps estimat de lectura":"12 minuts"},"schema":{"@context":"https:\/\/schema.org","@graph":[{"@type":"WebPage","@id":"https:\/\/bacusevents.com\/ca\/qui-som\/","url":"https:\/\/bacusevents.com\/ca\/qui-som\/","name":"Ag\u00e8ncia d'esdeveniments: Experi\u00e8ncies memorables \u00faniques - Bacus Events - Creaci\u00f3n y Organizaci\u00f3n de Eventos","isPartOf":{"@id":"https:\/\/bacusevents.com\/ca\/#website"},"primaryImageOfPage":{"@id":"https:\/\/bacusevents.com\/ca\/qui-som\/#primaryimage"},"image":{"@id":"https:\/\/bacusevents.com\/ca\/qui-som\/#primaryimage"},"thumbnailUrl":"https:\/\/bacusevents.com\/wp-content\/uploads\/2023\/05\/Quienes-somos-Portada-scaled.jpg","datePublished":"2020-10-03T05:10:40+00:00","dateModified":"2025-03-04T18:16:23+00:00","description":"Descobreix com la nostra Ag\u00e8ncia d'esdeveniments crea experi\u00e8ncies memorables amb m\u00e9s de trenta anys d'experi\u00e8ncia a la producci\u00f3.","breadcrumb":{"@id":"https:\/\/bacusevents.com\/ca\/qui-som\/#breadcrumb"},"inLanguage":"ca","potentialAction":[{"@type":"ReadAction","target":["https:\/\/bacusevents.com\/ca\/qui-som\/"]}]},{"@type":"ImageObject","inLanguage":"ca","@id":"https:\/\/bacusevents.com\/ca\/qui-som\/#primaryimage","url":"https:\/\/bacusevents.com\/wp-content\/uploads\/2023\/05\/Quienes-somos-Portada-scaled.jpg","contentUrl":"https:\/\/bacusevents.com\/wp-content\/uploads\/2023\/05\/Quienes-somos-Portada-scaled.jpg","width":2802,"height":1328},{"@type":"BreadcrumbList","@id":"https:\/\/bacusevents.com\/ca\/qui-som\/#breadcrumb","itemListElement":[{"@type":"ListItem","position":1,"name":"Portada","item":"https:\/\/bacusevents.com\/ca\/"},{"@type":"ListItem","position":2,"name":"QUI SOM"}]},{"@type":"WebSite","@id":"https:\/\/bacusevents.com\/ca\/#website","url":"https:\/\/bacusevents.com\/ca\/","name":"Bacus Events - Creaci\u00f3n y Organizaci\u00f3n de Eventos","description":"Bacus Events - Creaci\u00f3n y Organizaci\u00f3n de Eventos","publisher":{"@id":"https:\/\/bacusevents.com\/ca\/#organization"},"potentialAction":[{"@type":"SearchAction","target":{"@type":"EntryPoint","urlTemplate":"https:\/\/bacusevents.com\/ca\/?s={search_term_string}"},"query-input":{"@type":"PropertyValueSpecification","valueRequired":true,"valueName":"search_term_string"}}],"inLanguage":"ca"},{"@type":"Organization","@id":"https:\/\/bacusevents.com\/ca\/#organization","name":"Bacus Events - Creaci\u00f3n y Organizaci\u00f3n de Eventos","url":"https:\/\/bacusevents.com\/ca\/","logo":{"@type":"ImageObject","inLanguage":"ca","@id":"https:\/\/bacusevents.com\/ca\/#\/schema\/logo\/image\/","url":"https:\/\/bacusevents.com\/wp-content\/uploads\/2025\/03\/BacusEvents-5.png","contentUrl":"https:\/\/bacusevents.com\/wp-content\/uploads\/2025\/03\/BacusEvents-5.png","width":393,"height":426,"caption":"Bacus Events - Creaci\u00f3n y Organizaci\u00f3n de Eventos"},"image":{"@id":"https:\/\/bacusevents.com\/ca\/#\/schema\/logo\/image\/"},"sameAs":["https:\/\/www.facebook.com\/BacusEventos","https:\/\/www.instagram.com\/bacusevents\/","https:\/\/www.linkedin.com\/company\/1481874\/admin\/dashboard\/"]}]}},"_links":{"self":[{"href":"https:\/\/bacusevents.com\/ca\/wp-json\/wp\/v2\/pages\/10651","targetHints":{"allow":["GET"]}}],"collection":[{"href":"https:\/\/bacusevents.com\/ca\/wp-json\/wp\/v2\/pages"}],"about":[{"href":"https:\/\/bacusevents.com\/ca\/wp-json\/wp\/v2\/types\/page"}],"author":[{"embeddable":true,"href":"https:\/\/bacusevents.com\/ca\/wp-json\/wp\/v2\/users\/3"}],"replies":[{"embeddable":true,"href":"https:\/\/bacusevents.com\/ca\/wp-json\/wp\/v2\/comments?post=10651"}],"version-history":[{"count":12,"href":"https:\/\/bacusevents.com\/ca\/wp-json\/wp\/v2\/pages\/10651\/revisions"}],"predecessor-version":[{"id":11681,"href":"https:\/\/bacusevents.com\/ca\/wp-json\/wp\/v2\/pages\/10651\/revisions\/11681"}],"wp:featuredmedia":[{"embeddable":true,"href":"https:\/\/bacusevents.com\/ca\/wp-json\/wp\/v2\/media\/8355"}],"wp:attachment":[{"href":"https:\/\/bacusevents.com\/ca\/wp-json\/wp\/v2\/media?parent=10651"}],"curies":[{"name":"wp","href":"https:\/\/api.w.org\/{rel}","templated":true}]}}