{"id":10677,"date":"2024-04-15T06:38:53","date_gmt":"2024-04-15T06:38:53","guid":{"rendered":"https:\/\/bacusevents.com\/projectes-inauguracions\/"},"modified":"2025-03-04T18:14:17","modified_gmt":"2025-03-04T18:14:17","slug":"projectes-inauguracions","status":"publish","type":"page","link":"https:\/\/bacusevents.com\/ca\/projectes-inauguracions\/","title":{"rendered":"PROJECTES &#8212; INAUGURACIONS"},"content":{"rendered":"<div id='av_section_1' class='avia-section main_color avia-section-huge avia-no-shadow avia-full-stretch av-section-color-overlay-active avia-bg-style-scroll  avia-builder-el-0  el_before_av_submenu  avia-builder-el-first    container_wrap sidebar_right' style='background-repeat: no-repeat; background-image: url(https:\/\/bacusevents.com\/wp-content\/uploads\/2020\/10\/Evento-Inaguracion-Ibis-Styles-City-Bogatell-09-1500x1000.jpg);background-attachment: scroll; background-position: top center;  '  data-section-bg-repeat='stretch'><div class='av-section-color-overlay-wrap'><div class='av-section-color-overlay' style='opacity: 0.6; background-color: #000000; '><\/div><div class='container' ><main  role=\"main\" itemprop=\"mainContentOfPage\"  class='template-page content  av-content-small alpha units'><div class='post-entry post-entry-type-page post-entry-10677'><div class='entry-content-wrapper clearfix'>\n<div style='padding-bottom:0px; color:#ffffff;font-size:40px;' class='av-special-heading av-special-heading-h1 custom-color-heading blockquote modern-quote modern-centered  avia-builder-el-1  el_before_av_hr  avia-builder-el-first   av-inherit-size '><h1 class='av-special-heading-tag '  itemprop=\"headline\"  >Bacus Events<br \/> INAUGURACIONS<\/h1><div class='special-heading-border'><div class='special-heading-inner-border' style='border-color:#ffffff'><\/div><\/div><\/div>\n<div style=' margin-top:30px; margin-bottom:30px;'  class='hr hr-custom hr-center hr-icon-no   avia-builder-el-2  el_after_av_heading  el_before_av_textblock '><span class='hr-inner   inner-border-av-border-fat' style=' width:50px; border-color:#ffffff;' ><span class='hr-inner-style'><\/span><\/span><\/div>\n<section class=\"av_textblock_section \"  itemscope=\"itemscope\" itemtype=\"https:\/\/schema.org\/CreativeWork\" ><div class='avia_textblock  av_inherit_color '  style='color:#dddddd; '  itemprop=\"text\" ><p style=\"text-align: center;\"><span style=\"font-size: 14pt; font-family: graphik-regular;\">Amb m\u00e9s de 30 anys d&#8217;experi\u00e8ncia, transformem les vostres idees en experi\u00e8ncies inoblidables.<\/span><\/p>\n<p style=\"text-align: center;\"><span style=\"font-size: 14pt; font-family: graphik-regular;\">Deixa&#8217;ns inspirar-te amb les nostres produccions m\u00e9s creatives i apassionades.<\/span><\/p>\n<p style=\"text-align: center;\"><span style=\"font-size: 14pt; font-family: graphik-regular;\">We make events happen!<\/span><\/p>\n<\/div><\/section>\n<\/div><\/div><\/main><!-- close content main element --><\/div><\/div><\/div><div class='clear'><\/div><div id='sub_menu1' class='av-submenu-container main_color  avia-builder-el-4  el_after_av_section  el_before_av_portfolio   av-sticky-submenu  submenu-not-first container_wrap sidebar_right' style='  z-index:301' ><div class='container av-menu-mobile-disabled '><ul id=\"menu-proyectos-catalan\" class=\"av-subnav-menu av-submenu-pos-center\"><li id=\"menu-item-11429\" class=\"menu-item menu-item-type-post_type menu-item-object-page menu-item-top-level menu-item-top-level-1\"><a href=\"https:\/\/bacusevents.com\/ca\/projectes-congressos-i-convencions\/\" itemprop=\"url\"><span class=\"avia-bullet\"><\/span><span class=\"avia-menu-text\">PROJECTES &#8211; CONGRESSOS I CONVENCIONS<\/span><span class=\"avia-menu-fx\"><span class=\"avia-arrow-wrap\"><span class=\"avia-arrow\"><\/span><\/span><\/span><\/a><\/li>\n<li id=\"menu-item-11430\" class=\"menu-item menu-item-type-post_type menu-item-object-page menu-item-top-level menu-item-top-level-2\"><a href=\"https:\/\/bacusevents.com\/ca\/projectes-esdeveniments-corporatius\/\" itemprop=\"url\"><span class=\"avia-bullet\"><\/span><span class=\"avia-menu-text\">PROJECTES &#8212; ESDEVENIMENTS CORPORATIUS<\/span><span class=\"avia-menu-fx\"><span class=\"avia-arrow-wrap\"><span class=\"avia-arrow\"><\/span><\/span><\/span><\/a><\/li>\n<li id=\"menu-item-11431\" class=\"menu-item menu-item-type-post_type menu-item-object-page menu-item-top-level menu-item-top-level-3\"><a href=\"https:\/\/bacusevents.com\/ca\/projectes-family-day\/\" itemprop=\"url\"><span class=\"avia-bullet\"><\/span><span class=\"avia-menu-text\">PROJECTES &#8212; FAMILY DAY &#8211;<\/span><span class=\"avia-menu-fx\"><span class=\"avia-arrow-wrap\"><span class=\"avia-arrow\"><\/span><\/span><\/span><\/a><\/li>\n<li id=\"menu-item-11432\" class=\"menu-item menu-item-type-post_type menu-item-object-page menu-item-top-level menu-item-top-level-4\"><a href=\"https:\/\/bacusevents.com\/ca\/projectes-fires-i-stands\/\" itemprop=\"url\"><span class=\"avia-bullet\"><\/span><span class=\"avia-menu-text\">PROJECTES &#8212; FIRES I STANDS<\/span><span class=\"avia-menu-fx\"><span class=\"avia-arrow-wrap\"><span class=\"avia-arrow\"><\/span><\/span><\/span><\/a><\/li>\n<li id=\"menu-item-11434\" class=\"menu-item menu-item-type-post_type menu-item-object-page menu-item-top-level menu-item-top-level-5\"><a href=\"https:\/\/bacusevents.com\/ca\/projectes-incentius-i-team-building\/\" itemprop=\"url\"><span class=\"avia-bullet\"><\/span><span class=\"avia-menu-text\">PROJECTES &#8211; INCENTIUS I TEAM BUILDING<\/span><span class=\"avia-menu-fx\"><span class=\"avia-arrow-wrap\"><span class=\"avia-arrow\"><\/span><\/span><\/span><\/a><\/li>\n<\/ul><\/div><\/div><div class='sticky_placeholder'><\/div><\/p>\n<div class=\"av-portfolio-grid-sorting-container\"><div class='sort_width_container  av-sort-yes' data-portfolio-id='1' ><div id='js_sort_items' ><div class='sort_by_cat hidden '><a href=\"#\" data-filter=\"all_sort\" class=\"all_sort_button active_sort\"><span class=\"inner_sort_button\"><span>All<\/span><small class=\"av-cat-count\"> 3 <\/small><\/span><\/a><\/div><\/div><\/div><div class=' grid-sort-container isotope   no_margin-container with-title-container grid-total-odd grid-col-3 grid-links-' data-portfolio-id='1'><div data-ajax-id='11246' class=' grid-entry flex_column isotope-item all_sort no_margin post-entry post-entry-11246 grid-entry-overview grid-loop-1 grid-parity-odd  esdeveniments-corporatius_sort inauguracions_sort  av_one_third first default_av_fullwidth '><article class='main_color inner-entry'  itemscope=\"itemscope\" itemtype=\"https:\/\/schema.org\/CreativeWork\" ><a href='https:\/\/bacusevents.com\/ca\/portfolio-item\/14-wallbox-airlines-2019\/' title='14-WALLBOX Airlines 2019'  data-rel='grid-1' class='grid-image avia-hover-fx'><img fetchpriority=\"high\" decoding=\"async\" width=\"300\" height=\"200\" src=\"https:\/\/bacusevents.com\/wp-content\/uploads\/2023\/04\/Wallbox_076__K1A7061-300x200.jpg\" class=\"attachment-medium size-medium wp-post-image\" alt=\"\" srcset=\"https:\/\/bacusevents.com\/wp-content\/uploads\/2023\/04\/Wallbox_076__K1A7061-300x200.jpg 300w, https:\/\/bacusevents.com\/wp-content\/uploads\/2023\/04\/Wallbox_076__K1A7061-768x512.jpg 768w, https:\/\/bacusevents.com\/wp-content\/uploads\/2023\/04\/Wallbox_076__K1A7061-445x296.jpg 445w, https:\/\/bacusevents.com\/wp-content\/uploads\/2023\/04\/Wallbox_076__K1A7061-412x275.jpg 412w, https:\/\/bacusevents.com\/wp-content\/uploads\/2023\/04\/Wallbox_076__K1A7061-1030x687.jpg 1030w, https:\/\/bacusevents.com\/wp-content\/uploads\/2023\/04\/Wallbox_076__K1A7061-1536x1024.jpg 1536w, https:\/\/bacusevents.com\/wp-content\/uploads\/2023\/04\/Wallbox_076__K1A7061-2048x1365.jpg 2048w, https:\/\/bacusevents.com\/wp-content\/uploads\/2023\/04\/Wallbox_076__K1A7061-1500x1000.jpg 1500w, https:\/\/bacusevents.com\/wp-content\/uploads\/2023\/04\/Wallbox_076__K1A7061-705x470.jpg 705w, https:\/\/bacusevents.com\/wp-content\/uploads\/2023\/04\/Wallbox_076__K1A7061-450x300.jpg 450w\" sizes=\"(max-width: 300px) 100vw, 300px\" \/><\/a><div class='grid-content'><div class='avia-arrow'><\/div><header class=\"entry-content-header\"><h3 class='grid-entry-title entry-title '  itemprop=\"headline\" ><a href='https:\/\/bacusevents.com\/ca\/portfolio-item\/14-wallbox-airlines-2019\/' title='14-WALLBOX Airlines 2019'>14-WALLBOX Airlines 2019<\/a><\/h3><\/header><\/div><footer class=\"entry-footer\"><\/footer><\/article><\/div><div data-ajax-id='11152' class=' grid-entry flex_column isotope-item all_sort no_margin post-entry post-entry-11152 grid-entry-overview grid-loop-2 grid-parity-even  inauguracions_sort presentacio-de-producte_sort  av_one_third  default_av_fullwidth '><article class='main_color inner-entry'  itemscope=\"itemscope\" itemtype=\"https:\/\/schema.org\/CreativeWork\" ><a href='https:\/\/bacusevents.com\/ca\/portfolio-item\/21-kia-esdeveniment-inauguracio-kia-integral-car\/' title='21-KIA - Esdeveniment Inauguraci\u00f3 KIA Integral Car'  data-rel='grid-1' class='grid-image avia-hover-fx'><img decoding=\"async\" width=\"300\" height=\"200\" src=\"https:\/\/bacusevents.com\/wp-content\/uploads\/2020\/10\/Inauguracion-KIA-Integral-Car-05-300x200.jpg\" class=\"attachment-medium size-medium wp-post-image\" alt=\"\" srcset=\"https:\/\/bacusevents.com\/wp-content\/uploads\/2020\/10\/Inauguracion-KIA-Integral-Car-05-300x200.jpg 300w, https:\/\/bacusevents.com\/wp-content\/uploads\/2020\/10\/Inauguracion-KIA-Integral-Car-05-768x512.jpg 768w, https:\/\/bacusevents.com\/wp-content\/uploads\/2020\/10\/Inauguracion-KIA-Integral-Car-05-445x296.jpg 445w, https:\/\/bacusevents.com\/wp-content\/uploads\/2020\/10\/Inauguracion-KIA-Integral-Car-05-412x275.jpg 412w, https:\/\/bacusevents.com\/wp-content\/uploads\/2020\/10\/Inauguracion-KIA-Integral-Car-05-1030x687.jpg 1030w, https:\/\/bacusevents.com\/wp-content\/uploads\/2020\/10\/Inauguracion-KIA-Integral-Car-05-1536x1024.jpg 1536w, https:\/\/bacusevents.com\/wp-content\/uploads\/2020\/10\/Inauguracion-KIA-Integral-Car-05-1500x1000.jpg 1500w, https:\/\/bacusevents.com\/wp-content\/uploads\/2020\/10\/Inauguracion-KIA-Integral-Car-05-705x470.jpg 705w, https:\/\/bacusevents.com\/wp-content\/uploads\/2020\/10\/Inauguracion-KIA-Integral-Car-05-450x300.jpg 450w, https:\/\/bacusevents.com\/wp-content\/uploads\/2020\/10\/Inauguracion-KIA-Integral-Car-05.jpg 1800w\" sizes=\"(max-width: 300px) 100vw, 300px\" \/><\/a><div class='grid-content'><div class='avia-arrow'><\/div><header class=\"entry-content-header\"><h3 class='grid-entry-title entry-title '  itemprop=\"headline\" ><a href='https:\/\/bacusevents.com\/ca\/portfolio-item\/21-kia-esdeveniment-inauguracio-kia-integral-car\/' title='21-KIA - Esdeveniment Inauguraci\u00f3 KIA Integral Car'>21-KIA - Esdeveniment Inauguraci\u00f3 KIA Integral Car<\/a><\/h3><\/header><\/div><footer class=\"entry-footer\"><\/footer><\/article><\/div><div data-ajax-id='10982' class=' grid-entry flex_column isotope-item all_sort no_margin post-entry post-entry-10982 grid-entry-overview grid-loop-3 grid-parity-odd  post-entry-last  inauguracions_sort  av_one_third  default_av_fullwidth '><article class='main_color inner-entry'  itemscope=\"itemscope\" itemtype=\"https:\/\/schema.org\/CreativeWork\" ><a href='https:\/\/bacusevents.com\/ca\/portfolio-item\/23-bouyges-immobilier-inauguracio-ibis-styles-city-bogatell\/' title='23-BOUYGES IMMOBILIER - Inauguraci\u00f3 Ibis Styles City Bogatell'  data-rel='grid-1' class='grid-image avia-hover-fx'><img decoding=\"async\" width=\"300\" height=\"200\" src=\"https:\/\/bacusevents.com\/wp-content\/uploads\/2020\/10\/Evento-Inaguracion-Ibis-Styles-City-Bogatell-08-300x200.jpg\" class=\"attachment-medium size-medium wp-post-image\" alt=\"\" srcset=\"https:\/\/bacusevents.com\/wp-content\/uploads\/2020\/10\/Evento-Inaguracion-Ibis-Styles-City-Bogatell-08-300x200.jpg 300w, https:\/\/bacusevents.com\/wp-content\/uploads\/2020\/10\/Evento-Inaguracion-Ibis-Styles-City-Bogatell-08-768x512.jpg 768w, https:\/\/bacusevents.com\/wp-content\/uploads\/2020\/10\/Evento-Inaguracion-Ibis-Styles-City-Bogatell-08-445x296.jpg 445w, https:\/\/bacusevents.com\/wp-content\/uploads\/2020\/10\/Evento-Inaguracion-Ibis-Styles-City-Bogatell-08-412x275.jpg 412w, https:\/\/bacusevents.com\/wp-content\/uploads\/2020\/10\/Evento-Inaguracion-Ibis-Styles-City-Bogatell-08-1030x687.jpg 1030w, https:\/\/bacusevents.com\/wp-content\/uploads\/2020\/10\/Evento-Inaguracion-Ibis-Styles-City-Bogatell-08-1536x1024.jpg 1536w, https:\/\/bacusevents.com\/wp-content\/uploads\/2020\/10\/Evento-Inaguracion-Ibis-Styles-City-Bogatell-08-1500x1000.jpg 1500w, https:\/\/bacusevents.com\/wp-content\/uploads\/2020\/10\/Evento-Inaguracion-Ibis-Styles-City-Bogatell-08-705x470.jpg 705w, https:\/\/bacusevents.com\/wp-content\/uploads\/2020\/10\/Evento-Inaguracion-Ibis-Styles-City-Bogatell-08-450x300.jpg 450w, https:\/\/bacusevents.com\/wp-content\/uploads\/2020\/10\/Evento-Inaguracion-Ibis-Styles-City-Bogatell-08.jpg 1800w\" sizes=\"(max-width: 300px) 100vw, 300px\" \/><\/a><div class='grid-content'><div class='avia-arrow'><\/div><header class=\"entry-content-header\"><h3 class='grid-entry-title entry-title '  itemprop=\"headline\" ><a href='https:\/\/bacusevents.com\/ca\/portfolio-item\/23-bouyges-immobilier-inauguracio-ibis-styles-city-bogatell\/' title='23-BOUYGES IMMOBILIER - Inauguraci\u00f3 Ibis Styles City Bogatell'>23-BOUYGES IMMOBILIER - Inauguraci\u00f3 Ibis Styles City Bogatell<\/a><\/h3><\/header><\/div><footer class=\"entry-footer\"><\/footer><\/article><\/div><\/div><\/div>   <!--   class=\"av-portfolio-grid-sorting-container\"  -->\n","protected":false},"excerpt":{"rendered":"","protected":false},"author":2,"featured_media":7589,"parent":0,"menu_order":0,"comment_status":"closed","ping_status":"closed","template":"","meta":{"footnotes":""},"class_list":["post-10677","page","type-page","status-publish","has-post-thumbnail","hentry"],"yoast_head":"<!-- This site is optimized with the Yoast SEO Premium plugin v27.0 (Yoast SEO v27.4) - https:\/\/yoast.com\/product\/yoast-seo-premium-wordpress\/ -->\n<title>PROJECTES - INAUGURACIONS - Bacus Events - Creaci\u00f3n y Organizaci\u00f3n de Eventos<\/title>\n<meta name=\"description\" content=\"A Bacus Events som experts a organitzar les teves inauguracions. Dissenyem i produ\u00efm esdeveniments \u00fanics per presentar la teva marca o espai amb estil i professionalitat. Converteix la teva inauguraci\u00f3 en un \u00e8xit memorable amb nosaltres!\" \/>\n<meta name=\"robots\" content=\"index, follow, max-snippet:-1, max-image-preview:large, max-video-preview:-1\" \/>\n<link rel=\"canonical\" href=\"https:\/\/bacusevents.com\/ca\/projectes-inauguracions\/\" \/>\n<meta property=\"og:locale\" content=\"ca_ES\" \/>\n<meta property=\"og:type\" content=\"article\" \/>\n<meta property=\"og:title\" content=\"PROJECTES -- INAUGURACIONS\" \/>\n<meta property=\"og:description\" content=\"A Bacus Events som experts a organitzar les teves inauguracions. Dissenyem i produ\u00efm esdeveniments \u00fanics per presentar la teva marca o espai amb estil i professionalitat. Converteix la teva inauguraci\u00f3 en un \u00e8xit memorable amb nosaltres!\" \/>\n<meta property=\"og:url\" content=\"https:\/\/bacusevents.com\/ca\/projectes-inauguracions\/\" \/>\n<meta property=\"og:site_name\" content=\"Bacus Events - Creaci\u00f3n y Organizaci\u00f3n de Eventos\" \/>\n<meta property=\"article:publisher\" content=\"https:\/\/www.facebook.com\/BacusEventos\" \/>\n<meta property=\"article:modified_time\" content=\"2025-03-04T18:14:17+00:00\" \/>\n<meta property=\"og:image\" content=\"https:\/\/bacusevents.com\/wp-content\/uploads\/2020\/10\/Evento-Inaguracion-Ibis-Styles-City-Bogatell-09.jpg\" \/>\n\t<meta property=\"og:image:width\" content=\"1800\" \/>\n\t<meta property=\"og:image:height\" content=\"1200\" \/>\n\t<meta property=\"og:image:type\" content=\"image\/jpeg\" \/>\n<meta name=\"twitter:card\" content=\"summary_large_image\" \/>\n<meta name=\"twitter:label1\" content=\"Temps estimat de lectura\" \/>\n\t<meta name=\"twitter:data1\" content=\"2 minuts\" \/>\n<script type=\"application\/ld+json\" class=\"yoast-schema-graph\">{\"@context\":\"https:\\\/\\\/schema.org\",\"@graph\":[{\"@type\":\"WebPage\",\"@id\":\"https:\\\/\\\/bacusevents.com\\\/ca\\\/projectes-inauguracions\\\/\",\"url\":\"https:\\\/\\\/bacusevents.com\\\/ca\\\/projectes-inauguracions\\\/\",\"name\":\"PROJECTES - INAUGURACIONS - Bacus Events - Creaci\u00f3n y Organizaci\u00f3n de Eventos\",\"isPartOf\":{\"@id\":\"https:\\\/\\\/bacusevents.com\\\/ca\\\/#website\"},\"primaryImageOfPage\":{\"@id\":\"https:\\\/\\\/bacusevents.com\\\/ca\\\/projectes-inauguracions\\\/#primaryimage\"},\"image\":{\"@id\":\"https:\\\/\\\/bacusevents.com\\\/ca\\\/projectes-inauguracions\\\/#primaryimage\"},\"thumbnailUrl\":\"https:\\\/\\\/bacusevents.com\\\/wp-content\\\/uploads\\\/2020\\\/10\\\/Evento-Inaguracion-Ibis-Styles-City-Bogatell-09.jpg\",\"datePublished\":\"2024-04-15T06:38:53+00:00\",\"dateModified\":\"2025-03-04T18:14:17+00:00\",\"description\":\"A Bacus Events som experts a organitzar les teves inauguracions. Dissenyem i produ\u00efm esdeveniments \u00fanics per presentar la teva marca o espai amb estil i professionalitat. Converteix la teva inauguraci\u00f3 en un \u00e8xit memorable amb nosaltres!\",\"breadcrumb\":{\"@id\":\"https:\\\/\\\/bacusevents.com\\\/ca\\\/projectes-inauguracions\\\/#breadcrumb\"},\"inLanguage\":\"ca\",\"potentialAction\":[{\"@type\":\"ReadAction\",\"target\":[\"https:\\\/\\\/bacusevents.com\\\/ca\\\/projectes-inauguracions\\\/\"]}]},{\"@type\":\"ImageObject\",\"inLanguage\":\"ca\",\"@id\":\"https:\\\/\\\/bacusevents.com\\\/ca\\\/projectes-inauguracions\\\/#primaryimage\",\"url\":\"https:\\\/\\\/bacusevents.com\\\/wp-content\\\/uploads\\\/2020\\\/10\\\/Evento-Inaguracion-Ibis-Styles-City-Bogatell-09.jpg\",\"contentUrl\":\"https:\\\/\\\/bacusevents.com\\\/wp-content\\\/uploads\\\/2020\\\/10\\\/Evento-Inaguracion-Ibis-Styles-City-Bogatell-09.jpg\",\"width\":1800,\"height\":1200},{\"@type\":\"BreadcrumbList\",\"@id\":\"https:\\\/\\\/bacusevents.com\\\/ca\\\/projectes-inauguracions\\\/#breadcrumb\",\"itemListElement\":[{\"@type\":\"ListItem\",\"position\":1,\"name\":\"Portada\",\"item\":\"https:\\\/\\\/bacusevents.com\\\/ca\\\/\"},{\"@type\":\"ListItem\",\"position\":2,\"name\":\"PROJECTES &#8212; INAUGURACIONS\"}]},{\"@type\":\"WebSite\",\"@id\":\"https:\\\/\\\/bacusevents.com\\\/ca\\\/#website\",\"url\":\"https:\\\/\\\/bacusevents.com\\\/ca\\\/\",\"name\":\"Bacus Events - Creaci\u00f3n y Organizaci\u00f3n de Eventos\",\"description\":\"Bacus Events - Creaci\u00f3n y Organizaci\u00f3n de Eventos\",\"publisher\":{\"@id\":\"https:\\\/\\\/bacusevents.com\\\/ca\\\/#organization\"},\"potentialAction\":[{\"@type\":\"SearchAction\",\"target\":{\"@type\":\"EntryPoint\",\"urlTemplate\":\"https:\\\/\\\/bacusevents.com\\\/ca\\\/?s={search_term_string}\"},\"query-input\":{\"@type\":\"PropertyValueSpecification\",\"valueRequired\":true,\"valueName\":\"search_term_string\"}}],\"inLanguage\":\"ca\"},{\"@type\":\"Organization\",\"@id\":\"https:\\\/\\\/bacusevents.com\\\/ca\\\/#organization\",\"name\":\"Bacus Events - Creaci\u00f3n y Organizaci\u00f3n de Eventos\",\"url\":\"https:\\\/\\\/bacusevents.com\\\/ca\\\/\",\"logo\":{\"@type\":\"ImageObject\",\"inLanguage\":\"ca\",\"@id\":\"https:\\\/\\\/bacusevents.com\\\/ca\\\/#\\\/schema\\\/logo\\\/image\\\/\",\"url\":\"https:\\\/\\\/bacusevents.com\\\/wp-content\\\/uploads\\\/2025\\\/03\\\/BacusEvents-5.png\",\"contentUrl\":\"https:\\\/\\\/bacusevents.com\\\/wp-content\\\/uploads\\\/2025\\\/03\\\/BacusEvents-5.png\",\"width\":393,\"height\":426,\"caption\":\"Bacus Events - Creaci\u00f3n y Organizaci\u00f3n de Eventos\"},\"image\":{\"@id\":\"https:\\\/\\\/bacusevents.com\\\/ca\\\/#\\\/schema\\\/logo\\\/image\\\/\"},\"sameAs\":[\"https:\\\/\\\/www.facebook.com\\\/BacusEventos\",\"https:\\\/\\\/www.instagram.com\\\/bacusevents\\\/\",\"https:\\\/\\\/www.linkedin.com\\\/company\\\/1481874\\\/admin\\\/dashboard\\\/\"]}]}<\/script>\n<!-- \/ Yoast SEO Premium plugin. -->","yoast_head_json":{"title":"PROJECTES - INAUGURACIONS - Bacus Events - Creaci\u00f3n y Organizaci\u00f3n de Eventos","description":"A Bacus Events som experts a organitzar les teves inauguracions. Dissenyem i produ\u00efm esdeveniments \u00fanics per presentar la teva marca o espai amb estil i professionalitat. Converteix la teva inauguraci\u00f3 en un \u00e8xit memorable amb nosaltres!","robots":{"index":"index","follow":"follow","max-snippet":"max-snippet:-1","max-image-preview":"max-image-preview:large","max-video-preview":"max-video-preview:-1"},"canonical":"https:\/\/bacusevents.com\/ca\/projectes-inauguracions\/","og_locale":"ca_ES","og_type":"article","og_title":"PROJECTES -- INAUGURACIONS","og_description":"A Bacus Events som experts a organitzar les teves inauguracions. Dissenyem i produ\u00efm esdeveniments \u00fanics per presentar la teva marca o espai amb estil i professionalitat. Converteix la teva inauguraci\u00f3 en un \u00e8xit memorable amb nosaltres!","og_url":"https:\/\/bacusevents.com\/ca\/projectes-inauguracions\/","og_site_name":"Bacus Events - Creaci\u00f3n y Organizaci\u00f3n de Eventos","article_publisher":"https:\/\/www.facebook.com\/BacusEventos","article_modified_time":"2025-03-04T18:14:17+00:00","og_image":[{"width":1800,"height":1200,"url":"https:\/\/bacusevents.com\/wp-content\/uploads\/2020\/10\/Evento-Inaguracion-Ibis-Styles-City-Bogatell-09.jpg","type":"image\/jpeg"}],"twitter_card":"summary_large_image","twitter_misc":{"Temps estimat de lectura":"2 minuts"},"schema":{"@context":"https:\/\/schema.org","@graph":[{"@type":"WebPage","@id":"https:\/\/bacusevents.com\/ca\/projectes-inauguracions\/","url":"https:\/\/bacusevents.com\/ca\/projectes-inauguracions\/","name":"PROJECTES - INAUGURACIONS - Bacus Events - Creaci\u00f3n y Organizaci\u00f3n de Eventos","isPartOf":{"@id":"https:\/\/bacusevents.com\/ca\/#website"},"primaryImageOfPage":{"@id":"https:\/\/bacusevents.com\/ca\/projectes-inauguracions\/#primaryimage"},"image":{"@id":"https:\/\/bacusevents.com\/ca\/projectes-inauguracions\/#primaryimage"},"thumbnailUrl":"https:\/\/bacusevents.com\/wp-content\/uploads\/2020\/10\/Evento-Inaguracion-Ibis-Styles-City-Bogatell-09.jpg","datePublished":"2024-04-15T06:38:53+00:00","dateModified":"2025-03-04T18:14:17+00:00","description":"A Bacus Events som experts a organitzar les teves inauguracions. Dissenyem i produ\u00efm esdeveniments \u00fanics per presentar la teva marca o espai amb estil i professionalitat. Converteix la teva inauguraci\u00f3 en un \u00e8xit memorable amb nosaltres!","breadcrumb":{"@id":"https:\/\/bacusevents.com\/ca\/projectes-inauguracions\/#breadcrumb"},"inLanguage":"ca","potentialAction":[{"@type":"ReadAction","target":["https:\/\/bacusevents.com\/ca\/projectes-inauguracions\/"]}]},{"@type":"ImageObject","inLanguage":"ca","@id":"https:\/\/bacusevents.com\/ca\/projectes-inauguracions\/#primaryimage","url":"https:\/\/bacusevents.com\/wp-content\/uploads\/2020\/10\/Evento-Inaguracion-Ibis-Styles-City-Bogatell-09.jpg","contentUrl":"https:\/\/bacusevents.com\/wp-content\/uploads\/2020\/10\/Evento-Inaguracion-Ibis-Styles-City-Bogatell-09.jpg","width":1800,"height":1200},{"@type":"BreadcrumbList","@id":"https:\/\/bacusevents.com\/ca\/projectes-inauguracions\/#breadcrumb","itemListElement":[{"@type":"ListItem","position":1,"name":"Portada","item":"https:\/\/bacusevents.com\/ca\/"},{"@type":"ListItem","position":2,"name":"PROJECTES &#8212; INAUGURACIONS"}]},{"@type":"WebSite","@id":"https:\/\/bacusevents.com\/ca\/#website","url":"https:\/\/bacusevents.com\/ca\/","name":"Bacus Events - Creaci\u00f3n y Organizaci\u00f3n de Eventos","description":"Bacus Events - Creaci\u00f3n y Organizaci\u00f3n de Eventos","publisher":{"@id":"https:\/\/bacusevents.com\/ca\/#organization"},"potentialAction":[{"@type":"SearchAction","target":{"@type":"EntryPoint","urlTemplate":"https:\/\/bacusevents.com\/ca\/?s={search_term_string}"},"query-input":{"@type":"PropertyValueSpecification","valueRequired":true,"valueName":"search_term_string"}}],"inLanguage":"ca"},{"@type":"Organization","@id":"https:\/\/bacusevents.com\/ca\/#organization","name":"Bacus Events - Creaci\u00f3n y Organizaci\u00f3n de Eventos","url":"https:\/\/bacusevents.com\/ca\/","logo":{"@type":"ImageObject","inLanguage":"ca","@id":"https:\/\/bacusevents.com\/ca\/#\/schema\/logo\/image\/","url":"https:\/\/bacusevents.com\/wp-content\/uploads\/2025\/03\/BacusEvents-5.png","contentUrl":"https:\/\/bacusevents.com\/wp-content\/uploads\/2025\/03\/BacusEvents-5.png","width":393,"height":426,"caption":"Bacus Events - Creaci\u00f3n y Organizaci\u00f3n de Eventos"},"image":{"@id":"https:\/\/bacusevents.com\/ca\/#\/schema\/logo\/image\/"},"sameAs":["https:\/\/www.facebook.com\/BacusEventos","https:\/\/www.instagram.com\/bacusevents\/","https:\/\/www.linkedin.com\/company\/1481874\/admin\/dashboard\/"]}]}},"_links":{"self":[{"href":"https:\/\/bacusevents.com\/ca\/wp-json\/wp\/v2\/pages\/10677","targetHints":{"allow":["GET"]}}],"collection":[{"href":"https:\/\/bacusevents.com\/ca\/wp-json\/wp\/v2\/pages"}],"about":[{"href":"https:\/\/bacusevents.com\/ca\/wp-json\/wp\/v2\/types\/page"}],"author":[{"embeddable":true,"href":"https:\/\/bacusevents.com\/ca\/wp-json\/wp\/v2\/users\/2"}],"replies":[{"embeddable":true,"href":"https:\/\/bacusevents.com\/ca\/wp-json\/wp\/v2\/comments?post=10677"}],"version-history":[{"count":4,"href":"https:\/\/bacusevents.com\/ca\/wp-json\/wp\/v2\/pages\/10677\/revisions"}],"predecessor-version":[{"id":11663,"href":"https:\/\/bacusevents.com\/ca\/wp-json\/wp\/v2\/pages\/10677\/revisions\/11663"}],"wp:featuredmedia":[{"embeddable":true,"href":"https:\/\/bacusevents.com\/ca\/wp-json\/wp\/v2\/media\/7589"}],"wp:attachment":[{"href":"https:\/\/bacusevents.com\/ca\/wp-json\/wp\/v2\/media?parent=10677"}],"curies":[{"name":"wp","href":"https:\/\/api.w.org\/{rel}","templated":true}]}}