{"id":10645,"date":"2020-10-03T05:10:40","date_gmt":"2020-10-03T05:10:40","guid":{"rendered":"https:\/\/bacusevents.com\/who-we-are\/"},"modified":"2025-03-04T18:14:37","modified_gmt":"2025-03-04T18:14:37","slug":"who-we-are","status":"publish","type":"page","link":"https:\/\/bacusevents.com\/en\/who-we-are\/","title":{"rendered":"WHO WE ARE"},"content":{"rendered":"<div id='av_section_1' class='avia-section main_color avia-section-huge avia-no-shadow avia-full-stretch av-section-color-overlay-active avia-bg-style-scroll  avia-builder-el-0  el_before_av_section  avia-builder-el-first    container_wrap sidebar_right' style='background-repeat: no-repeat; background-image: url(https:\/\/bacusevents.com\/wp-content\/uploads\/2023\/05\/BACK3-2.jpg);background-attachment: scroll; background-position: top center;  '  data-section-bg-repeat='stretch'><div class='av-section-color-overlay-wrap'><div class='av-section-color-overlay' style='opacity: 0.5; background-color: #000000; '><\/div><div class='container' ><main  role=\"main\" itemprop=\"mainContentOfPage\"  class='template-page content  av-content-small alpha units'><div class='post-entry post-entry-type-page post-entry-10645'><div class='entry-content-wrapper clearfix'>\n<div style='padding-bottom:0px; color:#ffffff;font-size:40px;' class='av-special-heading av-special-heading-h1 custom-color-heading blockquote modern-quote modern-centered  avia-builder-el-1  el_before_av_one_half  avia-builder-el-first   av-inherit-size '><h1 class='av-special-heading-tag '  itemprop=\"headline\"  ><\/p>\n<p><\/h1><div class='special-heading-border'><div class='special-heading-inner-border' style='border-color:#ffffff'><\/div><\/div><\/div>\n<div class=\"flex_column av_one_half  flex_column_div av-zero-column-padding first  avia-builder-el-2  el_after_av_heading  el_before_av_one_half  \" style='border-radius:0px; '><p><div style='padding-bottom:0px; font-size:40px;' class='av-special-heading av-special-heading-h2  blockquote modern-quote  avia-builder-el-3  el_before_av_textblock  avia-builder-el-first   av-inherit-size '><h2 class='av-special-heading-tag '  itemprop=\"headline\"  >How it all started&#8230;<\/h2><div class='special-heading-border'><div class='special-heading-inner-border' ><\/div><\/div><\/div><br \/>\n<section class=\"av_textblock_section \"  itemscope=\"itemscope\" itemtype=\"https:\/\/schema.org\/CreativeWork\" ><div class='avia_textblock  av_inherit_color '  style='color:#ffffff; '  itemprop=\"text\" ><p>At <strong>Bacus Events<\/strong>, we combine over thirty years of experience with creative solutions, expert advice and comprehensive event production to make unique and memorable experiences a reality. Our success is based on a deep knowledge of the territory and a select network of suppliers that ensure excellence in every detail. <\/p>\n<p>From the beginning, we have become a strategic partner for companies looking for impactful corporate events. Our mission is clear: to offer the best service and exceed all expectations, creating moments that connect, inspire and excite. <\/p>\n<p>We are specialists in Congresses and Conventions, Product Launches, Gala Dinners and Themed Events, Summer and Xmas Parties, Family Days and Teambuilding Activities, Inaugurations and Institutional Events, Trade Fairs, Stands and Strategic Branding, Incentives for clients and employees.<\/p>\n<p>At Bacus Events, every event is an opportunity to push the limits of creativity and turn ideas into extraordinary experiences.<\/p>\n<\/div><\/section><br \/>\n<div style='height:30px' class='hr hr-invisible   avia-builder-el-5  el_after_av_textblock  avia-builder-el-last '><span class='hr-inner ' ><span class='hr-inner-style'><\/span><\/span><\/div><\/p><\/div><div class=\"flex_column av_one_half  flex_column_div av-zero-column-padding   avia-builder-el-6  el_after_av_one_half  el_before_av_textblock  \" style='border-radius:0px; '><p><div style='padding-bottom:0px; font-size:40px;' class='av-special-heading av-special-heading-h2  blockquote modern-quote  avia-builder-el-7  el_before_av_textblock  avia-builder-el-first   av-inherit-size '><h2 class='av-special-heading-tag '  itemprop=\"headline\"  >Our philosophy<\/h2><div class='special-heading-border'><div class='special-heading-inner-border' ><\/div><\/div><\/div><br \/>\n<section class=\"av_textblock_section \"  itemscope=\"itemscope\" itemtype=\"https:\/\/schema.org\/CreativeWork\" ><div class='avia_textblock  av_inherit_color '  style='color:#ffffff; '  itemprop=\"text\" ><p>At <strong>Bacus Events<\/strong>, we have our own methodology and clear objectives: to maximize the resources of each client and transform each event into an unforgettable experience. For us, there is no small event. We get involved with the same passion and dedication in the simplest projects as in those of great complexity, either by volume or content.  <\/p>\n<p>We firmly believe that events are made possible by people.<\/p>\n<p>Professionalism, top quality services and attention to detail are non-negotiable. They are the essence of <strong>Bacus Events<\/strong> and what sets us apart. We are passionate about what we do. We love this world and are enthusiastic about turning our clients&#8217; ideas into memorable experiences.   <\/p>\n<p>With <strong>Bacus Events<\/strong>, every project is an opportunity to exceed expectations and create moments that inspire and connect.<\/p>\n<p>Do you dare to live the passion of <strong>Bacus Events<\/strong> in your next event?<\/p>\n<\/div><\/section><br \/>\n<div style='height:30px' class='hr hr-invisible   avia-builder-el-9  el_after_av_textblock  avia-builder-el-last '><span class='hr-inner ' ><span class='hr-inner-style'><\/span><\/span><\/div><\/p><\/div><section class=\"av_textblock_section \"  itemscope=\"itemscope\" itemtype=\"https:\/\/schema.org\/CreativeWork\" ><div class='avia_textblock  av_inherit_color '  style='color:#dddddd; '  itemprop=\"text\" ><\/div><\/section>\n\n<\/div><\/div><\/main><!-- close content main element --><\/div><\/div><\/div><div id='av_section_2' class='avia-section main_color avia-section-large avia-no-border-styling avia-bg-style-scroll  avia-builder-el-11  el_after_av_section  el_before_av_layout_row   container_wrap sidebar_right' style=' '  ><div class='container' ><div class='template-page content  av-content-small alpha units'><div class='post-entry post-entry-type-page post-entry-10645'><div class='entry-content-wrapper clearfix'>\n<div class=\"flex_column av_one_half  flex_column_div av-zero-column-padding first  avia-builder-el-12  el_before_av_one_half  avia-builder-el-first  \" style='border-radius:0px; '><p><div style='padding-bottom:0px; font-size:40px;' class='av-special-heading av-special-heading-h2  blockquote modern-quote  avia-builder-el-13  el_before_av_hr  avia-builder-el-first   av-inherit-size '><h2 class='av-special-heading-tag '  itemprop=\"headline\"  >What do we do?<\/h2><div class='special-heading-border'><div class='special-heading-inner-border' ><\/div><\/div><\/div><br \/>\n<div style=' margin-top:10px; margin-bottom:10px;'  class='hr hr-custom hr-left hr-icon-no   avia-builder-el-14  el_after_av_heading  el_before_av_textblock '><span class='hr-inner   inner-border-av-border-fat' style=' width:50px; border-color:#000000;' ><span class='hr-inner-style'><\/span><\/span><\/div><br \/>\n<section class=\"av_textblock_section \"  itemscope=\"itemscope\" itemtype=\"https:\/\/schema.org\/CreativeWork\" ><div class='avia_textblock  '   itemprop=\"text\" ><p>At <strong>Bacus Events<\/strong>, we thoroughly analyze each briefing, understanding the client&#8217;s profile and objectives to design unique concepts and experiences. We are passionate about creating customized and personalized projects, transforming ideas into memorable events that make a difference. <\/p>\n<p>We are in charge of locating and selecting strategic suppliers, always ensuring the best quality and adjusting to the assigned budget. We act as a true extension of your team, providing our creative support and production expertise to make every detail perfect. <\/p>\n<p>Our secret is simple but powerful: we unite your product or objective with our conceptual creativity and exceptional execution, achieving a result that not only surprises, but also leaves a lasting impression.<\/p>\n<p>With <strong>Bacus Events<\/strong>, every project is an opportunity to create unforgettable experiences that inspire and connect.<\/p>\n<\/div><\/section><\/p><\/div><div class=\"flex_column av_one_half  flex_column_div av-zero-column-padding   avia-builder-el-16  el_after_av_one_half  avia-builder-el-last  \" style='border-radius:0px; '><p><div style='padding-bottom:0px; font-size:40px;' class='av-special-heading av-special-heading-h2  blockquote modern-quote  avia-builder-el-17  el_before_av_hr  avia-builder-el-first   av-inherit-size '><h2 class='av-special-heading-tag '  itemprop=\"headline\"  >How do we do it?<\/h2><div class='special-heading-border'><div class='special-heading-inner-border' ><\/div><\/div><\/div><br \/>\n<div style=' margin-top:10px; margin-bottom:10px;'  class='hr hr-custom hr-left hr-icon-no   avia-builder-el-18  el_after_av_heading  el_before_av_textblock '><span class='hr-inner   inner-border-av-border-fat' style=' width:50px; border-color:#000000;' ><span class='hr-inner-style'><\/span><\/span><\/div><br \/>\n<section class=\"av_textblock_section \"  itemscope=\"itemscope\" itemtype=\"https:\/\/schema.org\/CreativeWork\" ><div class='avia_textblock  '   itemprop=\"text\" ><p>At <strong>Bacus Events<\/strong>, we know how valuable your time is. That&#8217;s why we focus on reducing your investment in time and resources in all phases of the event: before, during and after. Our goal is to make sure you enjoy the process without complications.  <\/p>\n<p>We are committed to maximum efficiency, submitting base proposals within 24-48 business hours so you can make quick and confident decisions.<\/p>\n<p>Trust and security are pillars for us. That is why we offer non-competition and confidentiality guarantee contracts, ensuring that each project is managed with the utmost discretion. <\/p>\n<p>Our in-house production, creative and design team works with passion and dedication to turn every idea into a memorable experience.<\/p>\n<p>With <strong>Bacus Events<\/strong>, you have the security of working with a team committed to excellence, transparency and results.<\/p>\n<p>Are you ready to discover how we can transform your next event?<\/p>\n<\/div><\/section><\/p><\/div><\/div><\/div><\/div><!-- close content main div --><\/div><\/div><div id='av-layout-grid-1' class='av-layout-grid-container entry-content-wrapper main_color av-flex-cells   av-border-top-bottom  avia-builder-el-20  el_after_av_section  avia-builder-el-last  submenu-not-first container_wrap sidebar_right' style=' '  >\n<div class=\"flex_cell no_margin av_one_fourth  avia-builder-el-21  el_before_av_cell_one_fourth  avia-builder-el-first   \" style='vertical-align:middle; padding:50px; '><div class='flex_cell_inner' ><div class=\"avia-animated-number av-force-default-color  avia-color-  avia-builder-el-22  avia-builder-el-no-sibling   avia_animate_when_visible\"  data-timer=\"3000\"><strong class=\"heading avia-animated-number-title\" ><span class=\"avia-single-number __av-single-number\" data-number_format=\"\" data-number=\"1\">1<\/span><span class=\"avia-no-number\"> Founder<\/span><\/strong><div class='avia-animated-number-content' ><p>Visionary, enterprising, strategic and always close.<\/p>\n<\/div><\/div>\n<\/div><\/div><div class=\"flex_cell no_margin av_one_fourth  avia-builder-el-23  el_after_av_cell_one_fourth  el_before_av_cell_one_fourth   \" style='vertical-align:middle; padding:50px; background-color:#fbfbfb; '><div class='flex_cell_inner' ><div class=\"avia-animated-number av-force-default-color  avia-color-  avia-builder-el-24  avia-builder-el-no-sibling   avia_animate_when_visible\"  data-timer=\"3000\"><strong class=\"heading avia-animated-number-title\" ><span class=\"avia-no-number\">Bacus Team<\/span><\/strong><div class='avia-animated-number-content' ><p>Professionals who make you feel part of the Bacus family.<\/p>\n<\/div><\/div>\n<\/div><\/div><div class=\"flex_cell no_margin av_one_fourth  avia-builder-el-25  el_after_av_cell_one_fourth  el_before_av_cell_one_fourth   \" style='vertical-align:middle; padding:50px; background-color:#f8f8f8; '><div class='flex_cell_inner' ><div class=\"avia-animated-number av-force-default-color  avia-color-  avia-builder-el-26  avia-builder-el-no-sibling   avia_animate_when_visible\"  data-timer=\"3000\"><strong class=\"heading avia-animated-number-title\" ><span class=\"avia-single-number __av-single-number\" data-number_format=\"\" data-number=\"24\">24<\/span><span class=\"avia-no-number\">\/<\/span><span class=\"avia-single-number __av-single-number\" data-number_format=\"\" data-number=\"7\">7<\/span><span class=\"avia-no-number\"> Support<\/span><\/strong><div class='avia-animated-number-content' ><p>If you need help, you can always count on us!<\/p>\n<\/div><\/div>\n<\/div><\/div><div class=\"flex_cell no_margin av_one_fourth  avia-builder-el-27  el_after_av_cell_one_fourth  avia-builder-el-last   \" style='vertical-align:middle; padding:50px; background-color:#f1f1f1; '><div class='flex_cell_inner' ><div class=\"avia-animated-number av-force-default-color  avia-color-  avia-builder-el-28  avia-builder-el-no-sibling   avia_animate_when_visible\"  data-timer=\"3000\"><strong class=\"heading avia-animated-number-title\" ><span class=\"avia-single-number __av-single-number\" data-number_format=\"\" data-number=\"2\">2<\/span><span class=\"avia-no-number\">,<\/span><span class=\"avia-single-number __av-single-number\" data-number_format=\"\" data-number=\"507\">507<\/span><span class=\"avia-no-number\"> Projects<\/span><\/strong><div class='avia-animated-number-content' ><p>And every day growing with you. Our experience defines us!<\/p>\n<\/div><\/div>\n<\/div><\/div><\/div><\/p>\n","protected":false},"excerpt":{"rendered":"","protected":false},"author":3,"featured_media":8356,"parent":0,"menu_order":0,"comment_status":"closed","ping_status":"closed","template":"","meta":{"footnotes":""},"class_list":["post-10645","page","type-page","status-publish","has-post-thumbnail","hentry"],"yoast_head":"<!-- This site is optimized with the Yoast SEO Premium plugin v27.0 (Yoast SEO v27.6) - https:\/\/yoast.com\/product\/yoast-seo-premium-wordpress\/ -->\n<title>Events agency: Unique memorable experiences - Bacus Events - Creaci\u00f3n y Organizaci\u00f3n de Eventos<\/title>\n<meta name=\"description\" content=\"Discover how our event agency creates memorable experiences with over thirty years of production experience.\" \/>\n<meta name=\"robots\" content=\"index, follow, max-snippet:-1, max-image-preview:large, max-video-preview:-1\" \/>\n<link rel=\"canonical\" href=\"https:\/\/bacusevents.com\/en\/who-we-are\/\" \/>\n<meta property=\"og:locale\" content=\"en_US\" \/>\n<meta property=\"og:type\" content=\"article\" \/>\n<meta property=\"og:title\" content=\"WHO WE ARE\" \/>\n<meta property=\"og:description\" content=\"Discover how our event agency creates memorable experiences with over thirty years of production experience.\" \/>\n<meta property=\"og:url\" content=\"https:\/\/bacusevents.com\/en\/who-we-are\/\" \/>\n<meta property=\"og:site_name\" content=\"Bacus Events - Creaci\u00f3n y Organizaci\u00f3n de Eventos\" \/>\n<meta property=\"article:publisher\" content=\"https:\/\/www.facebook.com\/BacusEventos\" \/>\n<meta property=\"article:modified_time\" content=\"2025-03-04T18:14:37+00:00\" \/>\n<meta property=\"og:image\" content=\"https:\/\/bacusevents.com\/wp-content\/uploads\/2023\/05\/Quienes-somos-Portada-scaled.jpg\" \/>\n\t<meta property=\"og:image:width\" content=\"2560\" \/>\n\t<meta property=\"og:image:height\" content=\"1213\" \/>\n\t<meta property=\"og:image:type\" content=\"image\/jpeg\" \/>\n<meta name=\"twitter:card\" content=\"summary_large_image\" \/>\n<meta name=\"twitter:label1\" content=\"Est. reading time\" \/>\n\t<meta name=\"twitter:data1\" content=\"11 minutes\" \/>\n<script type=\"application\/ld+json\" class=\"yoast-schema-graph\">{\"@context\":\"https:\\\/\\\/schema.org\",\"@graph\":[{\"@type\":\"WebPage\",\"@id\":\"https:\\\/\\\/bacusevents.com\\\/en\\\/who-we-are\\\/\",\"url\":\"https:\\\/\\\/bacusevents.com\\\/en\\\/who-we-are\\\/\",\"name\":\"Events agency: Unique memorable experiences - Bacus Events - Creaci\u00f3n y Organizaci\u00f3n de Eventos\",\"isPartOf\":{\"@id\":\"https:\\\/\\\/bacusevents.com\\\/en\\\/#website\"},\"primaryImageOfPage\":{\"@id\":\"https:\\\/\\\/bacusevents.com\\\/en\\\/who-we-are\\\/#primaryimage\"},\"image\":{\"@id\":\"https:\\\/\\\/bacusevents.com\\\/en\\\/who-we-are\\\/#primaryimage\"},\"thumbnailUrl\":\"https:\\\/\\\/bacusevents.com\\\/wp-content\\\/uploads\\\/2023\\\/05\\\/Quienes-somos-Portada-scaled.jpg\",\"datePublished\":\"2020-10-03T05:10:40+00:00\",\"dateModified\":\"2025-03-04T18:14:37+00:00\",\"description\":\"Discover how our event agency creates memorable experiences with over thirty years of production experience.\",\"breadcrumb\":{\"@id\":\"https:\\\/\\\/bacusevents.com\\\/en\\\/who-we-are\\\/#breadcrumb\"},\"inLanguage\":\"en-US\",\"potentialAction\":[{\"@type\":\"ReadAction\",\"target\":[\"https:\\\/\\\/bacusevents.com\\\/en\\\/who-we-are\\\/\"]}]},{\"@type\":\"ImageObject\",\"inLanguage\":\"en-US\",\"@id\":\"https:\\\/\\\/bacusevents.com\\\/en\\\/who-we-are\\\/#primaryimage\",\"url\":\"https:\\\/\\\/bacusevents.com\\\/wp-content\\\/uploads\\\/2023\\\/05\\\/Quienes-somos-Portada-scaled.jpg\",\"contentUrl\":\"https:\\\/\\\/bacusevents.com\\\/wp-content\\\/uploads\\\/2023\\\/05\\\/Quienes-somos-Portada-scaled.jpg\",\"width\":2802,\"height\":1328},{\"@type\":\"BreadcrumbList\",\"@id\":\"https:\\\/\\\/bacusevents.com\\\/en\\\/who-we-are\\\/#breadcrumb\",\"itemListElement\":[{\"@type\":\"ListItem\",\"position\":1,\"name\":\"Portada\",\"item\":\"https:\\\/\\\/bacusevents.com\\\/en\\\/\"},{\"@type\":\"ListItem\",\"position\":2,\"name\":\"WHO WE ARE\"}]},{\"@type\":\"WebSite\",\"@id\":\"https:\\\/\\\/bacusevents.com\\\/en\\\/#website\",\"url\":\"https:\\\/\\\/bacusevents.com\\\/en\\\/\",\"name\":\"Bacus Events - Creaci\u00f3n y Organizaci\u00f3n de Eventos\",\"description\":\"Bacus Events - Creaci\u00f3n y Organizaci\u00f3n de Eventos\",\"publisher\":{\"@id\":\"https:\\\/\\\/bacusevents.com\\\/en\\\/#organization\"},\"potentialAction\":[{\"@type\":\"SearchAction\",\"target\":{\"@type\":\"EntryPoint\",\"urlTemplate\":\"https:\\\/\\\/bacusevents.com\\\/en\\\/?s={search_term_string}\"},\"query-input\":{\"@type\":\"PropertyValueSpecification\",\"valueRequired\":true,\"valueName\":\"search_term_string\"}}],\"inLanguage\":\"en-US\"},{\"@type\":\"Organization\",\"@id\":\"https:\\\/\\\/bacusevents.com\\\/en\\\/#organization\",\"name\":\"Bacus Events - Creaci\u00f3n y Organizaci\u00f3n de Eventos\",\"url\":\"https:\\\/\\\/bacusevents.com\\\/en\\\/\",\"logo\":{\"@type\":\"ImageObject\",\"inLanguage\":\"en-US\",\"@id\":\"https:\\\/\\\/bacusevents.com\\\/en\\\/#\\\/schema\\\/logo\\\/image\\\/\",\"url\":\"https:\\\/\\\/bacusevents.com\\\/wp-content\\\/uploads\\\/2025\\\/03\\\/BacusEvents-5.png\",\"contentUrl\":\"https:\\\/\\\/bacusevents.com\\\/wp-content\\\/uploads\\\/2025\\\/03\\\/BacusEvents-5.png\",\"width\":393,\"height\":426,\"caption\":\"Bacus Events - Creaci\u00f3n y Organizaci\u00f3n de Eventos\"},\"image\":{\"@id\":\"https:\\\/\\\/bacusevents.com\\\/en\\\/#\\\/schema\\\/logo\\\/image\\\/\"},\"sameAs\":[\"https:\\\/\\\/www.facebook.com\\\/BacusEventos\",\"https:\\\/\\\/www.instagram.com\\\/bacusevents\\\/\",\"https:\\\/\\\/www.linkedin.com\\\/company\\\/1481874\\\/admin\\\/dashboard\\\/\"]}]}<\/script>\n<!-- \/ Yoast SEO Premium plugin. -->","yoast_head_json":{"title":"Events agency: Unique memorable experiences - Bacus Events - Creaci\u00f3n y Organizaci\u00f3n de Eventos","description":"Discover how our event agency creates memorable experiences with over thirty years of production experience.","robots":{"index":"index","follow":"follow","max-snippet":"max-snippet:-1","max-image-preview":"max-image-preview:large","max-video-preview":"max-video-preview:-1"},"canonical":"https:\/\/bacusevents.com\/en\/who-we-are\/","og_locale":"en_US","og_type":"article","og_title":"WHO WE ARE","og_description":"Discover how our event agency creates memorable experiences with over thirty years of production experience.","og_url":"https:\/\/bacusevents.com\/en\/who-we-are\/","og_site_name":"Bacus Events - Creaci\u00f3n y Organizaci\u00f3n de Eventos","article_publisher":"https:\/\/www.facebook.com\/BacusEventos","article_modified_time":"2025-03-04T18:14:37+00:00","og_image":[{"width":2560,"height":1213,"url":"https:\/\/bacusevents.com\/wp-content\/uploads\/2023\/05\/Quienes-somos-Portada-scaled.jpg","type":"image\/jpeg"}],"twitter_card":"summary_large_image","twitter_misc":{"Est. reading time":"11 minutes"},"schema":{"@context":"https:\/\/schema.org","@graph":[{"@type":"WebPage","@id":"https:\/\/bacusevents.com\/en\/who-we-are\/","url":"https:\/\/bacusevents.com\/en\/who-we-are\/","name":"Events agency: Unique memorable experiences - Bacus Events - Creaci\u00f3n y Organizaci\u00f3n de Eventos","isPartOf":{"@id":"https:\/\/bacusevents.com\/en\/#website"},"primaryImageOfPage":{"@id":"https:\/\/bacusevents.com\/en\/who-we-are\/#primaryimage"},"image":{"@id":"https:\/\/bacusevents.com\/en\/who-we-are\/#primaryimage"},"thumbnailUrl":"https:\/\/bacusevents.com\/wp-content\/uploads\/2023\/05\/Quienes-somos-Portada-scaled.jpg","datePublished":"2020-10-03T05:10:40+00:00","dateModified":"2025-03-04T18:14:37+00:00","description":"Discover how our event agency creates memorable experiences with over thirty years of production experience.","breadcrumb":{"@id":"https:\/\/bacusevents.com\/en\/who-we-are\/#breadcrumb"},"inLanguage":"en-US","potentialAction":[{"@type":"ReadAction","target":["https:\/\/bacusevents.com\/en\/who-we-are\/"]}]},{"@type":"ImageObject","inLanguage":"en-US","@id":"https:\/\/bacusevents.com\/en\/who-we-are\/#primaryimage","url":"https:\/\/bacusevents.com\/wp-content\/uploads\/2023\/05\/Quienes-somos-Portada-scaled.jpg","contentUrl":"https:\/\/bacusevents.com\/wp-content\/uploads\/2023\/05\/Quienes-somos-Portada-scaled.jpg","width":2802,"height":1328},{"@type":"BreadcrumbList","@id":"https:\/\/bacusevents.com\/en\/who-we-are\/#breadcrumb","itemListElement":[{"@type":"ListItem","position":1,"name":"Portada","item":"https:\/\/bacusevents.com\/en\/"},{"@type":"ListItem","position":2,"name":"WHO WE ARE"}]},{"@type":"WebSite","@id":"https:\/\/bacusevents.com\/en\/#website","url":"https:\/\/bacusevents.com\/en\/","name":"Bacus Events - Creaci\u00f3n y Organizaci\u00f3n de Eventos","description":"Bacus Events - Creaci\u00f3n y Organizaci\u00f3n de Eventos","publisher":{"@id":"https:\/\/bacusevents.com\/en\/#organization"},"potentialAction":[{"@type":"SearchAction","target":{"@type":"EntryPoint","urlTemplate":"https:\/\/bacusevents.com\/en\/?s={search_term_string}"},"query-input":{"@type":"PropertyValueSpecification","valueRequired":true,"valueName":"search_term_string"}}],"inLanguage":"en-US"},{"@type":"Organization","@id":"https:\/\/bacusevents.com\/en\/#organization","name":"Bacus Events - Creaci\u00f3n y Organizaci\u00f3n de Eventos","url":"https:\/\/bacusevents.com\/en\/","logo":{"@type":"ImageObject","inLanguage":"en-US","@id":"https:\/\/bacusevents.com\/en\/#\/schema\/logo\/image\/","url":"https:\/\/bacusevents.com\/wp-content\/uploads\/2025\/03\/BacusEvents-5.png","contentUrl":"https:\/\/bacusevents.com\/wp-content\/uploads\/2025\/03\/BacusEvents-5.png","width":393,"height":426,"caption":"Bacus Events - Creaci\u00f3n y Organizaci\u00f3n de Eventos"},"image":{"@id":"https:\/\/bacusevents.com\/en\/#\/schema\/logo\/image\/"},"sameAs":["https:\/\/www.facebook.com\/BacusEventos","https:\/\/www.instagram.com\/bacusevents\/","https:\/\/www.linkedin.com\/company\/1481874\/admin\/dashboard\/"]}]}},"_links":{"self":[{"href":"https:\/\/bacusevents.com\/en\/wp-json\/wp\/v2\/pages\/10645","targetHints":{"allow":["GET"]}}],"collection":[{"href":"https:\/\/bacusevents.com\/en\/wp-json\/wp\/v2\/pages"}],"about":[{"href":"https:\/\/bacusevents.com\/en\/wp-json\/wp\/v2\/types\/page"}],"author":[{"embeddable":true,"href":"https:\/\/bacusevents.com\/en\/wp-json\/wp\/v2\/users\/3"}],"replies":[{"embeddable":true,"href":"https:\/\/bacusevents.com\/en\/wp-json\/wp\/v2\/comments?post=10645"}],"version-history":[{"count":4,"href":"https:\/\/bacusevents.com\/en\/wp-json\/wp\/v2\/pages\/10645\/revisions"}],"predecessor-version":[{"id":11667,"href":"https:\/\/bacusevents.com\/en\/wp-json\/wp\/v2\/pages\/10645\/revisions\/11667"}],"wp:featuredmedia":[{"embeddable":true,"href":"https:\/\/bacusevents.com\/en\/wp-json\/wp\/v2\/media\/8356"}],"wp:attachment":[{"href":"https:\/\/bacusevents.com\/en\/wp-json\/wp\/v2\/media?parent=10645"}],"curies":[{"name":"wp","href":"https:\/\/api.w.org\/{rel}","templated":true}]}}