{"id":10694,"date":"2020-10-04T16:45:48","date_gmt":"2020-10-04T16:45:48","guid":{"rendered":"https:\/\/bacusevents.com\/cookies-policy\/"},"modified":"2024-05-01T05:54:42","modified_gmt":"2024-05-01T05:54:42","slug":"cookies-policy","status":"publish","type":"page","link":"https:\/\/bacusevents.com\/en\/cookies-policy\/","title":{"rendered":"Cookies Policy"},"content":{"rendered":"<div id='av_section_1' class='avia-section main_color avia-section-large avia-no-border-styling avia-bg-style-scroll  avia-builder-el-0  avia-builder-el-no-sibling   container_wrap sidebar_right' style=' '  ><div class='container' ><main  role=\"main\" itemprop=\"mainContentOfPage\"  class='template-page content  av-content-small alpha units'><div class='post-entry post-entry-type-page post-entry-10694'><div class='entry-content-wrapper clearfix'>\n<div style='padding-bottom:20px; font-size:40px;' class='av-special-heading av-special-heading-h2  blockquote modern-quote  avia-builder-el-1  el_before_av_hr  avia-builder-el-first   av-inherit-size '><h2 class='av-special-heading-tag '  itemprop=\"headline\"  >Cookies Policy<\/h2><div class='special-heading-border'><div class='special-heading-inner-border' ><\/div><\/div><\/div>\n<div style=' margin-top:10px; margin-bottom:10px;'  class='hr hr-custom hr-left hr-icon-no   avia-builder-el-2  el_after_av_heading  el_before_av_textblock '><span class='hr-inner   inner-border-av-border-fat' style=' width:50px; border-color:#000000;' ><span class='hr-inner-style'><\/span><\/span><\/div>\n<section class=\"av_textblock_section \"  itemscope=\"itemscope\" itemtype=\"https:\/\/schema.org\/CreativeWork\" ><div class='avia_textblock  '   itemprop=\"text\" ><p>This website uses its own and third party cookies to offer you a better experience and service. By browsing or using our services the user accepts our use of cookies. However, the user has the option to prevent the generation of cookies and to delete them by selecting the corresponding option in his or her browser. If you block the use of cookies in your browser it is possible that some services or functionalities of the website may not be available.<\/p>\n<p><b><br \/>\nWHAT IS A COOKIE?<\/b><\/p>\n<p>A cookie is a small piece of text that websites send to the browser and that is stored in the user&#8217;s terminal, which can be a personal computer, a cell phone, a tablet, etc. These files allow the Web site to remember information about your visit, such as language and preferred options, which can make your next visit easier and make the site more useful by customizing its content. Cookies play a very important role in improving the experience of using the website.<\/p>\n<p><b><br \/>\nHOW ARE COOKIES USED?<\/b><\/p>\n<p>By browsing this web portal the user is accepting that cookies may be installed in his terminal and that they allow us to know the following information:<\/p>\n<ul>\n<li>Statistical information on the use of the web.<\/li>\n<li>The user&#8217;s login to keep the session active on the website.<\/li>\n<li>The preferred web format for access from mobile devices.<\/li>\n<li>The last searches performed in the web services and personalization data of these services.<\/li>\n<li>Information about the advertisements shown to the user.<\/li>\n<li>Information on the surveys in which the user has participated.<\/li>\n<li>Social network connection data for users who log in with their Facebook or Twitter user.<\/li>\n<\/ul>\n<p>This website uses the following <strong>third-party cookies<\/strong>:<\/p>\n<ul>\n<li>Google Analytics: Stores <em>cookies<\/em> to compile statistics on traffic and volume of visits to this website. By using this website you consent to the processing of data about you by Google. Therefore, the exercise of any rights in this regard should be made by communicating directly with Google.<\/li>\n<li>Social networks: Each social network uses its own <em>cookies<\/em> so that you can click on buttons such as <em>Like<\/em> or <em>Share<\/em>.<\/li>\n<\/ul>\n<p>Disabling or deleting cookies<\/p>\n<p>You may exercise your right to disable or delete cookies from this website at any time. These actions are performed differently depending on the browser you are using. <a href=\"https:\/\/clic-in.com\/mas-informacion-sobre-las-cookies\/#navegadores\">Here is a quick guide for the most popular browsers<\/a>.<\/p>\n<p>Additional notes<\/p>\n<ul>\n<li>Neither this website nor its legal representatives are responsible for the content or accuracy of the privacy policies that third parties mentioned in this <em>cookie<\/em> policy may have.<\/li>\n<li>Web browsers are the tools in charge of storing <em>cookies<\/em> and from this place you should exercise your right to delete or deactivate them. Neither this website nor its legal representatives can guarantee the correct or incorrect handling of <em>cookies<\/em> by the aforementioned browsers.<\/li>\n<li>In some cases it is necessary to install <em>cookies<\/em> so that the browser does not forget your decision not to accept them.<\/li>\n<li>In the case of Google Analytics <em>cookies<\/em>, this company stores <em>cookies<\/em> on servers located in the United States and undertakes not to share it with third parties, except in cases where it is necessary for the operation of the system or when required by law. According to Google it does not save your IP address. Google Inc. is a company adhered to the Safe Harbor Agreement which guarantees that all data transferred will be treated with a level of protection in accordance with European regulations. Detailed information on this subject can be found <a href=\"http:\/\/safeharbor.export.gov\/companyinfo.aspx?id=16626\" target=\"_blank\" rel=\"noopener\">at this link<\/a>. If you want information about the use that Google gives to cookies <a href=\"https:\/\/developers.google.com\/analytics\/devguides\/collection\/analyticsjs\/cookie-usage?hl=es&amp;csw=1\" target=\"_blank\" rel=\"noopener\">we attach this other link<\/a>.<\/li>\n<li>If you have any doubts or questions about this <em>cookie<\/em> policy, please do not hesitate to contact us through the contact section.<\/li>\n<\/ul>\n<\/div><\/section>\n<\/div><\/div><\/main><!-- close content main element --><\/div><\/div><div id='after_section_1' class='main_color av_default_container_wrap container_wrap sidebar_right' style=' '  ><div class='container' ><div class='template-page content  av-content-small alpha units'><div class='post-entry post-entry-type-page post-entry-10694'><div class='entry-content-wrapper clearfix'>\n","protected":false},"excerpt":{"rendered":"","protected":false},"author":3,"featured_media":7326,"parent":0,"menu_order":0,"comment_status":"closed","ping_status":"closed","template":"","meta":{"footnotes":""},"class_list":["post-10694","page","type-page","status-publish","has-post-thumbnail","hentry"],"yoast_head":"<!-- This site is optimized with the Yoast SEO Premium plugin v27.0 (Yoast SEO v27.6) - https:\/\/yoast.com\/product\/yoast-seo-premium-wordpress\/ -->\n<title>Cookies Policy - Bacus Events - Creaci\u00f3n y Organizaci\u00f3n de Eventos<\/title>\n<meta name=\"robots\" content=\"index, follow, max-snippet:-1, max-image-preview:large, max-video-preview:-1\" \/>\n<link rel=\"canonical\" href=\"https:\/\/bacusevents.com\/en\/cookies-policy\/\" \/>\n<meta property=\"og:locale\" content=\"en_US\" \/>\n<meta property=\"og:type\" content=\"article\" \/>\n<meta property=\"og:title\" content=\"Cookies Policy\" \/>\n<meta property=\"og:url\" content=\"https:\/\/bacusevents.com\/en\/cookies-policy\/\" \/>\n<meta property=\"og:site_name\" content=\"Bacus Events - Creaci\u00f3n y Organizaci\u00f3n de Eventos\" \/>\n<meta property=\"article:publisher\" content=\"https:\/\/www.facebook.com\/BacusEventos\" \/>\n<meta property=\"article:modified_time\" content=\"2024-05-01T05:54:42+00:00\" \/>\n<meta property=\"og:image\" content=\"https:\/\/bacusevents.com\/wp-content\/uploads\/2020\/10\/Logo-BacusEvents.jpg\" \/>\n\t<meta property=\"og:image:width\" content=\"75\" \/>\n\t<meta property=\"og:image:height\" content=\"84\" \/>\n\t<meta property=\"og:image:type\" content=\"image\/jpeg\" \/>\n<meta name=\"twitter:card\" content=\"summary_large_image\" \/>\n<meta name=\"twitter:label1\" content=\"Est. reading time\" \/>\n\t<meta name=\"twitter:data1\" content=\"4 minutes\" \/>\n<script type=\"application\/ld+json\" class=\"yoast-schema-graph\">{\"@context\":\"https:\\\/\\\/schema.org\",\"@graph\":[{\"@type\":\"WebPage\",\"@id\":\"https:\\\/\\\/bacusevents.com\\\/en\\\/cookies-policy\\\/\",\"url\":\"https:\\\/\\\/bacusevents.com\\\/en\\\/cookies-policy\\\/\",\"name\":\"Cookies Policy - Bacus Events - Creaci\u00f3n y Organizaci\u00f3n de Eventos\",\"isPartOf\":{\"@id\":\"https:\\\/\\\/bacusevents.com\\\/en\\\/#website\"},\"primaryImageOfPage\":{\"@id\":\"https:\\\/\\\/bacusevents.com\\\/en\\\/cookies-policy\\\/#primaryimage\"},\"image\":{\"@id\":\"https:\\\/\\\/bacusevents.com\\\/en\\\/cookies-policy\\\/#primaryimage\"},\"thumbnailUrl\":\"https:\\\/\\\/bacusevents.com\\\/wp-content\\\/uploads\\\/2020\\\/10\\\/Logo-BacusEvents.jpg\",\"datePublished\":\"2020-10-04T16:45:48+00:00\",\"dateModified\":\"2024-05-01T05:54:42+00:00\",\"breadcrumb\":{\"@id\":\"https:\\\/\\\/bacusevents.com\\\/en\\\/cookies-policy\\\/#breadcrumb\"},\"inLanguage\":\"en-US\",\"potentialAction\":[{\"@type\":\"ReadAction\",\"target\":[\"https:\\\/\\\/bacusevents.com\\\/en\\\/cookies-policy\\\/\"]}]},{\"@type\":\"ImageObject\",\"inLanguage\":\"en-US\",\"@id\":\"https:\\\/\\\/bacusevents.com\\\/en\\\/cookies-policy\\\/#primaryimage\",\"url\":\"https:\\\/\\\/bacusevents.com\\\/wp-content\\\/uploads\\\/2020\\\/10\\\/Logo-BacusEvents.jpg\",\"contentUrl\":\"https:\\\/\\\/bacusevents.com\\\/wp-content\\\/uploads\\\/2020\\\/10\\\/Logo-BacusEvents.jpg\",\"width\":75,\"height\":84,\"caption\":\"Organizaci\u00f3n de eventos\"},{\"@type\":\"BreadcrumbList\",\"@id\":\"https:\\\/\\\/bacusevents.com\\\/en\\\/cookies-policy\\\/#breadcrumb\",\"itemListElement\":[{\"@type\":\"ListItem\",\"position\":1,\"name\":\"Portada\",\"item\":\"https:\\\/\\\/bacusevents.com\\\/en\\\/\"},{\"@type\":\"ListItem\",\"position\":2,\"name\":\"Cookies Policy\"}]},{\"@type\":\"WebSite\",\"@id\":\"https:\\\/\\\/bacusevents.com\\\/en\\\/#website\",\"url\":\"https:\\\/\\\/bacusevents.com\\\/en\\\/\",\"name\":\"Bacus Events - Creaci\u00f3n y Organizaci\u00f3n de Eventos\",\"description\":\"Bacus Events - Creaci\u00f3n y Organizaci\u00f3n de Eventos\",\"publisher\":{\"@id\":\"https:\\\/\\\/bacusevents.com\\\/en\\\/#organization\"},\"potentialAction\":[{\"@type\":\"SearchAction\",\"target\":{\"@type\":\"EntryPoint\",\"urlTemplate\":\"https:\\\/\\\/bacusevents.com\\\/en\\\/?s={search_term_string}\"},\"query-input\":{\"@type\":\"PropertyValueSpecification\",\"valueRequired\":true,\"valueName\":\"search_term_string\"}}],\"inLanguage\":\"en-US\"},{\"@type\":\"Organization\",\"@id\":\"https:\\\/\\\/bacusevents.com\\\/en\\\/#organization\",\"name\":\"Bacus Events - Creaci\u00f3n y Organizaci\u00f3n de Eventos\",\"url\":\"https:\\\/\\\/bacusevents.com\\\/en\\\/\",\"logo\":{\"@type\":\"ImageObject\",\"inLanguage\":\"en-US\",\"@id\":\"https:\\\/\\\/bacusevents.com\\\/en\\\/#\\\/schema\\\/logo\\\/image\\\/\",\"url\":\"https:\\\/\\\/bacusevents.com\\\/wp-content\\\/uploads\\\/2025\\\/03\\\/BacusEvents-5.png\",\"contentUrl\":\"https:\\\/\\\/bacusevents.com\\\/wp-content\\\/uploads\\\/2025\\\/03\\\/BacusEvents-5.png\",\"width\":393,\"height\":426,\"caption\":\"Bacus Events - Creaci\u00f3n y Organizaci\u00f3n de Eventos\"},\"image\":{\"@id\":\"https:\\\/\\\/bacusevents.com\\\/en\\\/#\\\/schema\\\/logo\\\/image\\\/\"},\"sameAs\":[\"https:\\\/\\\/www.facebook.com\\\/BacusEventos\",\"https:\\\/\\\/www.instagram.com\\\/bacusevents\\\/\",\"https:\\\/\\\/www.linkedin.com\\\/company\\\/1481874\\\/admin\\\/dashboard\\\/\"]}]}<\/script>\n<!-- \/ Yoast SEO Premium plugin. -->","yoast_head_json":{"title":"Cookies Policy - Bacus Events - Creaci\u00f3n y Organizaci\u00f3n de Eventos","robots":{"index":"index","follow":"follow","max-snippet":"max-snippet:-1","max-image-preview":"max-image-preview:large","max-video-preview":"max-video-preview:-1"},"canonical":"https:\/\/bacusevents.com\/en\/cookies-policy\/","og_locale":"en_US","og_type":"article","og_title":"Cookies Policy","og_url":"https:\/\/bacusevents.com\/en\/cookies-policy\/","og_site_name":"Bacus Events - Creaci\u00f3n y Organizaci\u00f3n de Eventos","article_publisher":"https:\/\/www.facebook.com\/BacusEventos","article_modified_time":"2024-05-01T05:54:42+00:00","og_image":[{"width":75,"height":84,"url":"https:\/\/bacusevents.com\/wp-content\/uploads\/2020\/10\/Logo-BacusEvents.jpg","type":"image\/jpeg"}],"twitter_card":"summary_large_image","twitter_misc":{"Est. reading time":"4 minutes"},"schema":{"@context":"https:\/\/schema.org","@graph":[{"@type":"WebPage","@id":"https:\/\/bacusevents.com\/en\/cookies-policy\/","url":"https:\/\/bacusevents.com\/en\/cookies-policy\/","name":"Cookies Policy - Bacus Events - Creaci\u00f3n y Organizaci\u00f3n de Eventos","isPartOf":{"@id":"https:\/\/bacusevents.com\/en\/#website"},"primaryImageOfPage":{"@id":"https:\/\/bacusevents.com\/en\/cookies-policy\/#primaryimage"},"image":{"@id":"https:\/\/bacusevents.com\/en\/cookies-policy\/#primaryimage"},"thumbnailUrl":"https:\/\/bacusevents.com\/wp-content\/uploads\/2020\/10\/Logo-BacusEvents.jpg","datePublished":"2020-10-04T16:45:48+00:00","dateModified":"2024-05-01T05:54:42+00:00","breadcrumb":{"@id":"https:\/\/bacusevents.com\/en\/cookies-policy\/#breadcrumb"},"inLanguage":"en-US","potentialAction":[{"@type":"ReadAction","target":["https:\/\/bacusevents.com\/en\/cookies-policy\/"]}]},{"@type":"ImageObject","inLanguage":"en-US","@id":"https:\/\/bacusevents.com\/en\/cookies-policy\/#primaryimage","url":"https:\/\/bacusevents.com\/wp-content\/uploads\/2020\/10\/Logo-BacusEvents.jpg","contentUrl":"https:\/\/bacusevents.com\/wp-content\/uploads\/2020\/10\/Logo-BacusEvents.jpg","width":75,"height":84,"caption":"Organizaci\u00f3n de eventos"},{"@type":"BreadcrumbList","@id":"https:\/\/bacusevents.com\/en\/cookies-policy\/#breadcrumb","itemListElement":[{"@type":"ListItem","position":1,"name":"Portada","item":"https:\/\/bacusevents.com\/en\/"},{"@type":"ListItem","position":2,"name":"Cookies Policy"}]},{"@type":"WebSite","@id":"https:\/\/bacusevents.com\/en\/#website","url":"https:\/\/bacusevents.com\/en\/","name":"Bacus Events - Creaci\u00f3n y Organizaci\u00f3n de Eventos","description":"Bacus Events - Creaci\u00f3n y Organizaci\u00f3n de Eventos","publisher":{"@id":"https:\/\/bacusevents.com\/en\/#organization"},"potentialAction":[{"@type":"SearchAction","target":{"@type":"EntryPoint","urlTemplate":"https:\/\/bacusevents.com\/en\/?s={search_term_string}"},"query-input":{"@type":"PropertyValueSpecification","valueRequired":true,"valueName":"search_term_string"}}],"inLanguage":"en-US"},{"@type":"Organization","@id":"https:\/\/bacusevents.com\/en\/#organization","name":"Bacus Events - Creaci\u00f3n y Organizaci\u00f3n de Eventos","url":"https:\/\/bacusevents.com\/en\/","logo":{"@type":"ImageObject","inLanguage":"en-US","@id":"https:\/\/bacusevents.com\/en\/#\/schema\/logo\/image\/","url":"https:\/\/bacusevents.com\/wp-content\/uploads\/2025\/03\/BacusEvents-5.png","contentUrl":"https:\/\/bacusevents.com\/wp-content\/uploads\/2025\/03\/BacusEvents-5.png","width":393,"height":426,"caption":"Bacus Events - Creaci\u00f3n y Organizaci\u00f3n de Eventos"},"image":{"@id":"https:\/\/bacusevents.com\/en\/#\/schema\/logo\/image\/"},"sameAs":["https:\/\/www.facebook.com\/BacusEventos","https:\/\/www.instagram.com\/bacusevents\/","https:\/\/www.linkedin.com\/company\/1481874\/admin\/dashboard\/"]}]}},"_links":{"self":[{"href":"https:\/\/bacusevents.com\/en\/wp-json\/wp\/v2\/pages\/10694","targetHints":{"allow":["GET"]}}],"collection":[{"href":"https:\/\/bacusevents.com\/en\/wp-json\/wp\/v2\/pages"}],"about":[{"href":"https:\/\/bacusevents.com\/en\/wp-json\/wp\/v2\/types\/page"}],"author":[{"embeddable":true,"href":"https:\/\/bacusevents.com\/en\/wp-json\/wp\/v2\/users\/3"}],"replies":[{"embeddable":true,"href":"https:\/\/bacusevents.com\/en\/wp-json\/wp\/v2\/comments?post=10694"}],"version-history":[{"count":3,"href":"https:\/\/bacusevents.com\/en\/wp-json\/wp\/v2\/pages\/10694\/revisions"}],"predecessor-version":[{"id":11458,"href":"https:\/\/bacusevents.com\/en\/wp-json\/wp\/v2\/pages\/10694\/revisions\/11458"}],"wp:featuredmedia":[{"embeddable":true,"href":"https:\/\/bacusevents.com\/en\/wp-json\/wp\/v2\/media\/7326"}],"wp:attachment":[{"href":"https:\/\/bacusevents.com\/en\/wp-json\/wp\/v2\/media?parent=10694"}],"curies":[{"name":"wp","href":"https:\/\/api.w.org\/{rel}","templated":true}]}}