{"id":10702,"date":"2024-04-15T06:41:53","date_gmt":"2024-04-15T06:41:53","guid":{"rendered":"https:\/\/bacusevents.com\/projects-incentives-and-team-building\/"},"modified":"2025-03-04T18:16:23","modified_gmt":"2025-03-04T18:16:23","slug":"projects-incentives-and-team-building","status":"publish","type":"page","link":"https:\/\/bacusevents.com\/en\/projects-incentives-and-team-building\/","title":{"rendered":"PROJECTS &#8212; INCENTIVES AND TEAM BUILDING"},"content":{"rendered":"<div id='av_section_1' class='avia-section main_color avia-section-huge avia-no-shadow avia-full-stretch av-section-color-overlay-active avia-bg-style-scroll  avia-builder-el-0  el_before_av_submenu  avia-builder-el-first    container_wrap sidebar_right' style='background-repeat: no-repeat; background-image: url(https:\/\/bacusevents.com\/wp-content\/uploads\/2023\/05\/5-BacusEvents-eventos-teambuilding-karting-Fluendo-scaled.jpg);background-attachment: scroll; background-position: top center;  '  data-section-bg-repeat='stretch'><div class='av-section-color-overlay-wrap'><div class='av-section-color-overlay' style='opacity: 0.6; background-color: #000000; '><\/div><div class='container' ><main  role=\"main\" itemprop=\"mainContentOfPage\"  class='template-page content  av-content-small alpha units'><div class='post-entry post-entry-type-page post-entry-10702'><div class='entry-content-wrapper clearfix'>\n<div style='padding-bottom:0px; color:#ffffff;font-size:40px;' class='av-special-heading av-special-heading-h1 custom-color-heading blockquote modern-quote modern-centered  avia-builder-el-1  el_before_av_hr  avia-builder-el-first   av-inherit-size '><h1 class='av-special-heading-tag '  itemprop=\"headline\"  >Bacus Events<br \/>INCENTIVES AND TEAM BUILDING<\/h1><div class='special-heading-border'><div class='special-heading-inner-border' style='border-color:#ffffff'><\/div><\/div><\/div>\n<div style=' margin-top:30px; margin-bottom:30px;'  class='hr hr-custom hr-center hr-icon-no   avia-builder-el-2  el_after_av_heading  el_before_av_textblock '><span class='hr-inner   inner-border-av-border-fat' style=' width:50px; border-color:#ffffff;' ><span class='hr-inner-style'><\/span><\/span><\/div>\n<section class=\"av_textblock_section \"  itemscope=\"itemscope\" itemtype=\"https:\/\/schema.org\/CreativeWork\" ><div class='avia_textblock  av_inherit_color '  style='color:#dddddd; '  itemprop=\"text\" ><p style=\"text-align: center;\"><span style=\"font-size: 14pt; font-family: graphik-regular;\">With more than 30 years of experience, we transform your ideas into unforgettable experiences.<\/span><\/p>\n<p style=\"text-align: center;\"><span style=\"font-size: 14pt; font-family: graphik-regular;\">Let us inspire you with our most creative and passionate productions.<\/span><\/p>\n<p style=\"text-align: center;\"><span style=\"font-size: 14pt; font-family: graphik-regular;\">We make events happen!<\/span><\/p>\n<\/div><\/section>\n<\/div><\/div><\/main><!-- close content main element --><\/div><\/div><\/div><div class='clear'><\/div><div id='sub_menu1' class='av-submenu-container main_color  avia-builder-el-4  el_after_av_section  el_before_av_portfolio   av-sticky-submenu  submenu-not-first container_wrap sidebar_right' style='  z-index:301' ><div class='container av-menu-mobile-disabled '><ul id=\"menu-proyectos-ingles\" class=\"av-subnav-menu av-submenu-pos-center\"><li id=\"menu-item-11436\" class=\"menu-item menu-item-type-post_type menu-item-object-page menu-item-top-level menu-item-top-level-1\"><a href=\"https:\/\/bacusevents.com\/en\/projects-congresses-and-conventions\/\" itemprop=\"url\"><span class=\"avia-bullet\"><\/span><span class=\"avia-menu-text\">PROJECTS &#8212; CONGRESSES AND CONVENTIONS<\/span><span class=\"avia-menu-fx\"><span class=\"avia-arrow-wrap\"><span class=\"avia-arrow\"><\/span><\/span><\/span><\/a><\/li>\n<li id=\"menu-item-11437\" class=\"menu-item menu-item-type-post_type menu-item-object-page menu-item-top-level menu-item-top-level-2\"><a href=\"https:\/\/bacusevents.com\/en\/projects-corporate-events\/\" itemprop=\"url\"><span class=\"avia-bullet\"><\/span><span class=\"avia-menu-text\">PROJECTS &#8212; CORPORATE EVENTS<\/span><span class=\"avia-menu-fx\"><span class=\"avia-arrow-wrap\"><span class=\"avia-arrow\"><\/span><\/span><\/span><\/a><\/li>\n<li id=\"menu-item-11438\" class=\"menu-item menu-item-type-post_type menu-item-object-page menu-item-top-level menu-item-top-level-3\"><a href=\"https:\/\/bacusevents.com\/en\/projects-family-day\/\" itemprop=\"url\"><span class=\"avia-bullet\"><\/span><span class=\"avia-menu-text\">PROJECTS &#8212; FAMILY DAY &#8211;<\/span><span class=\"avia-menu-fx\"><span class=\"avia-arrow-wrap\"><span class=\"avia-arrow\"><\/span><\/span><\/span><\/a><\/li>\n<li id=\"menu-item-11439\" class=\"menu-item menu-item-type-post_type menu-item-object-page menu-item-top-level menu-item-top-level-4\"><a href=\"https:\/\/bacusevents.com\/en\/projects-fairs-and-stands\/\" itemprop=\"url\"><span class=\"avia-bullet\"><\/span><span class=\"avia-menu-text\">PROJECTS &#8212; FAIRS AND STANDS<\/span><span class=\"avia-menu-fx\"><span class=\"avia-arrow-wrap\"><span class=\"avia-arrow\"><\/span><\/span><\/span><\/a><\/li>\n<li id=\"menu-item-11441\" class=\"menu-item menu-item-type-post_type menu-item-object-page menu-item-top-level menu-item-top-level-5\"><a href=\"https:\/\/bacusevents.com\/en\/projects-incentives-and-team-building\/\" itemprop=\"url\"><span class=\"avia-bullet\"><\/span><span class=\"avia-menu-text\">PROJECTS &#8212; INCENTIVES AND TEAM BUILDING<\/span><span class=\"avia-menu-fx\"><span class=\"avia-arrow-wrap\"><span class=\"avia-arrow\"><\/span><\/span><\/span><\/a><\/li>\n<\/ul><\/div><\/div><div class='sticky_placeholder'><\/div><\/p>\n<div class=\"av-portfolio-grid-sorting-container\"><div class='sort_width_container  av-sort-yes' data-portfolio-id='1' ><div id='js_sort_items' ><div class='sort_by_cat hidden '><a href=\"#\" data-filter=\"all_sort\" class=\"all_sort_button active_sort\"><span class=\"inner_sort_button\"><span>All<\/span><small class=\"av-cat-count\"> 1 <\/small><\/span><\/a><\/div><\/div><\/div><div class=' grid-sort-container isotope   no_margin-container with-title-container grid-total-odd grid-col-3 grid-links-' data-portfolio-id='1'><div data-ajax-id='11248' class=' grid-entry flex_column isotope-item all_sort no_margin post-entry post-entry-11248 grid-entry-overview grid-loop-1 grid-parity-odd  post-entry-last  incentives-and-teambuilding_sort  av_one_third first default_av_fullwidth '><article class='main_color inner-entry'  itemscope=\"itemscope\" itemtype=\"https:\/\/schema.org\/CreativeWork\" ><a href='https:\/\/bacusevents.com\/en\/portfolio-item\/26-adp-classic-car-tour\/' title='26-ADP - Classic Car Tour'  data-rel='grid-1' class='grid-image avia-hover-fx'><img fetchpriority=\"high\" decoding=\"async\" width=\"300\" height=\"200\" src=\"https:\/\/bacusevents.com\/wp-content\/uploads\/2023\/04\/ADP-\u00aeDavidArnoldi-90-300x200.jpg\" class=\"attachment-medium size-medium wp-post-image\" alt=\"\" srcset=\"https:\/\/bacusevents.com\/wp-content\/uploads\/2023\/04\/ADP-\u00aeDavidArnoldi-90-300x200.jpg 300w, https:\/\/bacusevents.com\/wp-content\/uploads\/2023\/04\/ADP-\u00aeDavidArnoldi-90-768x511.jpg 768w, https:\/\/bacusevents.com\/wp-content\/uploads\/2023\/04\/ADP-\u00aeDavidArnoldi-90-445x296.jpg 445w, https:\/\/bacusevents.com\/wp-content\/uploads\/2023\/04\/ADP-\u00aeDavidArnoldi-90-412x275.jpg 412w, https:\/\/bacusevents.com\/wp-content\/uploads\/2023\/04\/ADP-\u00aeDavidArnoldi-90-1030x686.jpg 1030w, https:\/\/bacusevents.com\/wp-content\/uploads\/2023\/04\/ADP-\u00aeDavidArnoldi-90-1536x1022.jpg 1536w, https:\/\/bacusevents.com\/wp-content\/uploads\/2023\/04\/ADP-\u00aeDavidArnoldi-90-1500x998.jpg 1500w, https:\/\/bacusevents.com\/wp-content\/uploads\/2023\/04\/ADP-\u00aeDavidArnoldi-90-705x469.jpg 705w, https:\/\/bacusevents.com\/wp-content\/uploads\/2023\/04\/ADP-\u00aeDavidArnoldi-90-450x300.jpg 450w, https:\/\/bacusevents.com\/wp-content\/uploads\/2023\/04\/ADP-\u00aeDavidArnoldi-90.jpg 1800w\" sizes=\"(max-width: 300px) 100vw, 300px\" \/><\/a><div class='grid-content'><div class='avia-arrow'><\/div><header class=\"entry-content-header\"><h3 class='grid-entry-title entry-title '  itemprop=\"headline\" ><a href='https:\/\/bacusevents.com\/en\/portfolio-item\/26-adp-classic-car-tour\/' title='26-ADP - Classic Car Tour'>26-ADP - Classic Car Tour<\/a><\/h3><\/header><\/div><footer class=\"entry-footer\"><\/footer><\/article><\/div><\/div><\/div>   <!--   class=\"av-portfolio-grid-sorting-container\"  -->\n","protected":false},"excerpt":{"rendered":"","protected":false},"author":2,"featured_media":9856,"parent":0,"menu_order":0,"comment_status":"closed","ping_status":"closed","template":"","meta":{"footnotes":""},"class_list":["post-10702","page","type-page","status-publish","has-post-thumbnail","hentry"],"yoast_head":"<!-- This site is optimized with the Yoast SEO Premium plugin v27.0 (Yoast SEO v27.4) - https:\/\/yoast.com\/product\/yoast-seo-premium-wordpress\/ -->\n<title>PROJECTS - INCENTIVES AND TEAM BUILDING - Bacus Events - Creaci\u00f3n y Organizaci\u00f3n de Eventos<\/title>\n<meta name=\"description\" content=\"At Bacus Events we design and organize incentive projects and teambuilding activities. We create unique experiences to motivate teams and strengthen business ties. Inspire and connect your team with us!\" \/>\n<meta name=\"robots\" content=\"index, follow, max-snippet:-1, max-image-preview:large, max-video-preview:-1\" \/>\n<link rel=\"canonical\" href=\"https:\/\/bacusevents.com\/en\/projects-incentives-and-team-building\/\" \/>\n<meta property=\"og:locale\" content=\"en_US\" \/>\n<meta property=\"og:type\" content=\"article\" \/>\n<meta property=\"og:title\" content=\"PROJECTS -- INCENTIVES AND TEAM BUILDING\" \/>\n<meta property=\"og:description\" content=\"At Bacus Events we design and organize incentive projects and teambuilding activities. We create unique experiences to motivate teams and strengthen business ties. Inspire and connect your team with us!\" \/>\n<meta property=\"og:url\" content=\"https:\/\/bacusevents.com\/en\/projects-incentives-and-team-building\/\" \/>\n<meta property=\"og:site_name\" content=\"Bacus Events - Creaci\u00f3n y Organizaci\u00f3n de Eventos\" \/>\n<meta property=\"article:publisher\" content=\"https:\/\/www.facebook.com\/BacusEventos\" \/>\n<meta property=\"article:modified_time\" content=\"2025-03-04T18:16:23+00:00\" \/>\n<meta property=\"og:image\" content=\"https:\/\/bacusevents.com\/wp-content\/uploads\/2023\/05\/5-BacusEvents-eventos-teambuilding-karting-Fluendo-1030x679.jpg\" \/>\n\t<meta property=\"og:image:width\" content=\"1030\" \/>\n\t<meta property=\"og:image:height\" content=\"679\" \/>\n\t<meta property=\"og:image:type\" content=\"image\/jpeg\" \/>\n<meta name=\"twitter:card\" content=\"summary_large_image\" \/>\n<meta name=\"twitter:label1\" content=\"Est. reading time\" \/>\n\t<meta name=\"twitter:data1\" content=\"2 minutes\" \/>\n<script type=\"application\/ld+json\" class=\"yoast-schema-graph\">{\"@context\":\"https:\\\/\\\/schema.org\",\"@graph\":[{\"@type\":\"WebPage\",\"@id\":\"https:\\\/\\\/bacusevents.com\\\/en\\\/projects-incentives-and-team-building\\\/\",\"url\":\"https:\\\/\\\/bacusevents.com\\\/en\\\/projects-incentives-and-team-building\\\/\",\"name\":\"PROJECTS - INCENTIVES AND TEAM BUILDING - Bacus Events - Creaci\u00f3n y Organizaci\u00f3n de Eventos\",\"isPartOf\":{\"@id\":\"https:\\\/\\\/bacusevents.com\\\/en\\\/#website\"},\"primaryImageOfPage\":{\"@id\":\"https:\\\/\\\/bacusevents.com\\\/en\\\/projects-incentives-and-team-building\\\/#primaryimage\"},\"image\":{\"@id\":\"https:\\\/\\\/bacusevents.com\\\/en\\\/projects-incentives-and-team-building\\\/#primaryimage\"},\"thumbnailUrl\":\"https:\\\/\\\/bacusevents.com\\\/wp-content\\\/uploads\\\/2023\\\/05\\\/5-BacusEvents-eventos-teambuilding-karting-Fluendo-scaled.jpg\",\"datePublished\":\"2024-04-15T06:41:53+00:00\",\"dateModified\":\"2025-03-04T18:16:23+00:00\",\"description\":\"At Bacus Events we design and organize incentive projects and teambuilding activities. We create unique experiences to motivate teams and strengthen business ties. Inspire and connect your team with us!\",\"breadcrumb\":{\"@id\":\"https:\\\/\\\/bacusevents.com\\\/en\\\/projects-incentives-and-team-building\\\/#breadcrumb\"},\"inLanguage\":\"en-US\",\"potentialAction\":[{\"@type\":\"ReadAction\",\"target\":[\"https:\\\/\\\/bacusevents.com\\\/en\\\/projects-incentives-and-team-building\\\/\"]}]},{\"@type\":\"ImageObject\",\"inLanguage\":\"en-US\",\"@id\":\"https:\\\/\\\/bacusevents.com\\\/en\\\/projects-incentives-and-team-building\\\/#primaryimage\",\"url\":\"https:\\\/\\\/bacusevents.com\\\/wp-content\\\/uploads\\\/2023\\\/05\\\/5-BacusEvents-eventos-teambuilding-karting-Fluendo-scaled.jpg\",\"contentUrl\":\"https:\\\/\\\/bacusevents.com\\\/wp-content\\\/uploads\\\/2023\\\/05\\\/5-BacusEvents-eventos-teambuilding-karting-Fluendo-scaled.jpg\",\"width\":2560,\"height\":1688},{\"@type\":\"BreadcrumbList\",\"@id\":\"https:\\\/\\\/bacusevents.com\\\/en\\\/projects-incentives-and-team-building\\\/#breadcrumb\",\"itemListElement\":[{\"@type\":\"ListItem\",\"position\":1,\"name\":\"Portada\",\"item\":\"https:\\\/\\\/bacusevents.com\\\/en\\\/\"},{\"@type\":\"ListItem\",\"position\":2,\"name\":\"PROJECTS &#8212; INCENTIVES AND TEAM BUILDING\"}]},{\"@type\":\"WebSite\",\"@id\":\"https:\\\/\\\/bacusevents.com\\\/en\\\/#website\",\"url\":\"https:\\\/\\\/bacusevents.com\\\/en\\\/\",\"name\":\"Bacus Events - Creaci\u00f3n y Organizaci\u00f3n de Eventos\",\"description\":\"Bacus Events - Creaci\u00f3n y Organizaci\u00f3n de Eventos\",\"publisher\":{\"@id\":\"https:\\\/\\\/bacusevents.com\\\/en\\\/#organization\"},\"potentialAction\":[{\"@type\":\"SearchAction\",\"target\":{\"@type\":\"EntryPoint\",\"urlTemplate\":\"https:\\\/\\\/bacusevents.com\\\/en\\\/?s={search_term_string}\"},\"query-input\":{\"@type\":\"PropertyValueSpecification\",\"valueRequired\":true,\"valueName\":\"search_term_string\"}}],\"inLanguage\":\"en-US\"},{\"@type\":\"Organization\",\"@id\":\"https:\\\/\\\/bacusevents.com\\\/en\\\/#organization\",\"name\":\"Bacus Events - Creaci\u00f3n y Organizaci\u00f3n de Eventos\",\"url\":\"https:\\\/\\\/bacusevents.com\\\/en\\\/\",\"logo\":{\"@type\":\"ImageObject\",\"inLanguage\":\"en-US\",\"@id\":\"https:\\\/\\\/bacusevents.com\\\/en\\\/#\\\/schema\\\/logo\\\/image\\\/\",\"url\":\"https:\\\/\\\/bacusevents.com\\\/wp-content\\\/uploads\\\/2025\\\/03\\\/BacusEvents-5.png\",\"contentUrl\":\"https:\\\/\\\/bacusevents.com\\\/wp-content\\\/uploads\\\/2025\\\/03\\\/BacusEvents-5.png\",\"width\":393,\"height\":426,\"caption\":\"Bacus Events - Creaci\u00f3n y Organizaci\u00f3n de Eventos\"},\"image\":{\"@id\":\"https:\\\/\\\/bacusevents.com\\\/en\\\/#\\\/schema\\\/logo\\\/image\\\/\"},\"sameAs\":[\"https:\\\/\\\/www.facebook.com\\\/BacusEventos\",\"https:\\\/\\\/www.instagram.com\\\/bacusevents\\\/\",\"https:\\\/\\\/www.linkedin.com\\\/company\\\/1481874\\\/admin\\\/dashboard\\\/\"]}]}<\/script>\n<!-- \/ Yoast SEO Premium plugin. -->","yoast_head_json":{"title":"PROJECTS - INCENTIVES AND TEAM BUILDING - Bacus Events - Creaci\u00f3n y Organizaci\u00f3n de Eventos","description":"At Bacus Events we design and organize incentive projects and teambuilding activities. We create unique experiences to motivate teams and strengthen business ties. Inspire and connect your team with us!","robots":{"index":"index","follow":"follow","max-snippet":"max-snippet:-1","max-image-preview":"max-image-preview:large","max-video-preview":"max-video-preview:-1"},"canonical":"https:\/\/bacusevents.com\/en\/projects-incentives-and-team-building\/","og_locale":"en_US","og_type":"article","og_title":"PROJECTS -- INCENTIVES AND TEAM BUILDING","og_description":"At Bacus Events we design and organize incentive projects and teambuilding activities. We create unique experiences to motivate teams and strengthen business ties. Inspire and connect your team with us!","og_url":"https:\/\/bacusevents.com\/en\/projects-incentives-and-team-building\/","og_site_name":"Bacus Events - Creaci\u00f3n y Organizaci\u00f3n de Eventos","article_publisher":"https:\/\/www.facebook.com\/BacusEventos","article_modified_time":"2025-03-04T18:16:23+00:00","og_image":[{"width":1030,"height":679,"url":"https:\/\/bacusevents.com\/wp-content\/uploads\/2023\/05\/5-BacusEvents-eventos-teambuilding-karting-Fluendo-1030x679.jpg","type":"image\/jpeg"}],"twitter_card":"summary_large_image","twitter_misc":{"Est. reading time":"2 minutes"},"schema":{"@context":"https:\/\/schema.org","@graph":[{"@type":"WebPage","@id":"https:\/\/bacusevents.com\/en\/projects-incentives-and-team-building\/","url":"https:\/\/bacusevents.com\/en\/projects-incentives-and-team-building\/","name":"PROJECTS - INCENTIVES AND TEAM BUILDING - Bacus Events - Creaci\u00f3n y Organizaci\u00f3n de Eventos","isPartOf":{"@id":"https:\/\/bacusevents.com\/en\/#website"},"primaryImageOfPage":{"@id":"https:\/\/bacusevents.com\/en\/projects-incentives-and-team-building\/#primaryimage"},"image":{"@id":"https:\/\/bacusevents.com\/en\/projects-incentives-and-team-building\/#primaryimage"},"thumbnailUrl":"https:\/\/bacusevents.com\/wp-content\/uploads\/2023\/05\/5-BacusEvents-eventos-teambuilding-karting-Fluendo-scaled.jpg","datePublished":"2024-04-15T06:41:53+00:00","dateModified":"2025-03-04T18:16:23+00:00","description":"At Bacus Events we design and organize incentive projects and teambuilding activities. We create unique experiences to motivate teams and strengthen business ties. Inspire and connect your team with us!","breadcrumb":{"@id":"https:\/\/bacusevents.com\/en\/projects-incentives-and-team-building\/#breadcrumb"},"inLanguage":"en-US","potentialAction":[{"@type":"ReadAction","target":["https:\/\/bacusevents.com\/en\/projects-incentives-and-team-building\/"]}]},{"@type":"ImageObject","inLanguage":"en-US","@id":"https:\/\/bacusevents.com\/en\/projects-incentives-and-team-building\/#primaryimage","url":"https:\/\/bacusevents.com\/wp-content\/uploads\/2023\/05\/5-BacusEvents-eventos-teambuilding-karting-Fluendo-scaled.jpg","contentUrl":"https:\/\/bacusevents.com\/wp-content\/uploads\/2023\/05\/5-BacusEvents-eventos-teambuilding-karting-Fluendo-scaled.jpg","width":2560,"height":1688},{"@type":"BreadcrumbList","@id":"https:\/\/bacusevents.com\/en\/projects-incentives-and-team-building\/#breadcrumb","itemListElement":[{"@type":"ListItem","position":1,"name":"Portada","item":"https:\/\/bacusevents.com\/en\/"},{"@type":"ListItem","position":2,"name":"PROJECTS &#8212; INCENTIVES AND TEAM BUILDING"}]},{"@type":"WebSite","@id":"https:\/\/bacusevents.com\/en\/#website","url":"https:\/\/bacusevents.com\/en\/","name":"Bacus Events - Creaci\u00f3n y Organizaci\u00f3n de Eventos","description":"Bacus Events - Creaci\u00f3n y Organizaci\u00f3n de Eventos","publisher":{"@id":"https:\/\/bacusevents.com\/en\/#organization"},"potentialAction":[{"@type":"SearchAction","target":{"@type":"EntryPoint","urlTemplate":"https:\/\/bacusevents.com\/en\/?s={search_term_string}"},"query-input":{"@type":"PropertyValueSpecification","valueRequired":true,"valueName":"search_term_string"}}],"inLanguage":"en-US"},{"@type":"Organization","@id":"https:\/\/bacusevents.com\/en\/#organization","name":"Bacus Events - Creaci\u00f3n y Organizaci\u00f3n de Eventos","url":"https:\/\/bacusevents.com\/en\/","logo":{"@type":"ImageObject","inLanguage":"en-US","@id":"https:\/\/bacusevents.com\/en\/#\/schema\/logo\/image\/","url":"https:\/\/bacusevents.com\/wp-content\/uploads\/2025\/03\/BacusEvents-5.png","contentUrl":"https:\/\/bacusevents.com\/wp-content\/uploads\/2025\/03\/BacusEvents-5.png","width":393,"height":426,"caption":"Bacus Events - Creaci\u00f3n y Organizaci\u00f3n de Eventos"},"image":{"@id":"https:\/\/bacusevents.com\/en\/#\/schema\/logo\/image\/"},"sameAs":["https:\/\/www.facebook.com\/BacusEventos","https:\/\/www.instagram.com\/bacusevents\/","https:\/\/www.linkedin.com\/company\/1481874\/admin\/dashboard\/"]}]}},"_links":{"self":[{"href":"https:\/\/bacusevents.com\/en\/wp-json\/wp\/v2\/pages\/10702","targetHints":{"allow":["GET"]}}],"collection":[{"href":"https:\/\/bacusevents.com\/en\/wp-json\/wp\/v2\/pages"}],"about":[{"href":"https:\/\/bacusevents.com\/en\/wp-json\/wp\/v2\/types\/page"}],"author":[{"embeddable":true,"href":"https:\/\/bacusevents.com\/en\/wp-json\/wp\/v2\/users\/2"}],"replies":[{"embeddable":true,"href":"https:\/\/bacusevents.com\/en\/wp-json\/wp\/v2\/comments?post=10702"}],"version-history":[{"count":3,"href":"https:\/\/bacusevents.com\/en\/wp-json\/wp\/v2\/pages\/10702\/revisions"}],"predecessor-version":[{"id":11676,"href":"https:\/\/bacusevents.com\/en\/wp-json\/wp\/v2\/pages\/10702\/revisions\/11676"}],"wp:featuredmedia":[{"embeddable":true,"href":"https:\/\/bacusevents.com\/en\/wp-json\/wp\/v2\/media\/9856"}],"wp:attachment":[{"href":"https:\/\/bacusevents.com\/en\/wp-json\/wp\/v2\/media?parent=10702"}],"curies":[{"name":"wp","href":"https:\/\/api.w.org\/{rel}","templated":true}]}}