{"id":10748,"date":"2024-04-15T06:32:30","date_gmt":"2024-04-15T06:32:30","guid":{"rendered":"https:\/\/bacusevents.com\/projects-fairs-and-stands\/"},"modified":"2025-03-04T18:14:15","modified_gmt":"2025-03-04T18:14:15","slug":"projects-fairs-and-stands","status":"publish","type":"page","link":"https:\/\/bacusevents.com\/en\/projects-fairs-and-stands\/","title":{"rendered":"PROJECTS &#8212; FAIRS AND STANDS"},"content":{"rendered":"<div id='av_section_1' class='avia-section main_color avia-section-huge avia-no-shadow avia-full-stretch av-section-color-overlay-active avia-bg-style-scroll  avia-builder-el-0  el_before_av_submenu  avia-builder-el-first    container_wrap sidebar_right' style='background-repeat: no-repeat; background-image: url(https:\/\/bacusevents.com\/wp-content\/uploads\/2023\/05\/Baywa-Bacus-Events-eventos-feria-stand-4-1500x1125.jpg);background-attachment: scroll; background-position: top center;  '  data-section-bg-repeat='stretch'><div class='av-section-color-overlay-wrap'><div class='av-section-color-overlay' style='opacity: 0.6; background-color: #000000; '><\/div><div class='container' ><main  role=\"main\" itemprop=\"mainContentOfPage\"  class='template-page content  av-content-small alpha units'><div class='post-entry post-entry-type-page post-entry-10748'><div class='entry-content-wrapper clearfix'>\n<div style='padding-bottom:0px; color:#ffffff;font-size:40px;' class='av-special-heading av-special-heading-h1 custom-color-heading blockquote modern-quote modern-centered  avia-builder-el-1  el_before_av_hr  avia-builder-el-first   av-inherit-size '><h1 class='av-special-heading-tag '  itemprop=\"headline\"  >Bacus Events<br \/>FAIRS AND STANDS<\/h1><div class='special-heading-border'><div class='special-heading-inner-border' style='border-color:#ffffff'><\/div><\/div><\/div>\n<div style=' margin-top:30px; margin-bottom:30px;'  class='hr hr-custom hr-center hr-icon-no   avia-builder-el-2  el_after_av_heading  el_before_av_textblock '><span class='hr-inner   inner-border-av-border-fat' style=' width:50px; border-color:#ffffff;' ><span class='hr-inner-style'><\/span><\/span><\/div>\n<section class=\"av_textblock_section \"  itemscope=\"itemscope\" itemtype=\"https:\/\/schema.org\/CreativeWork\" ><div class='avia_textblock  av_inherit_color '  style='color:#dddddd; '  itemprop=\"text\" ><p style=\"text-align: center;\"><span style=\"font-size: 14pt; font-family: graphik-regular;\">With more than 30 years of experience, we transform your ideas into unforgettable experiences.<\/span><\/p>\n<p style=\"text-align: center;\"><span style=\"font-size: 14pt; font-family: graphik-regular;\">Let us inspire you with our most creative and passionate productions.<\/span><\/p>\n<p style=\"text-align: center;\"><span style=\"font-size: 14pt; font-family: graphik-regular;\">We make events happen!<\/span><\/p>\n<\/div><\/section>\n<\/div><\/div><\/main><!-- close content main element --><\/div><\/div><\/div><div class='clear'><\/div><div id='sub_menu1' class='av-submenu-container main_color  avia-builder-el-4  el_after_av_section  el_before_av_portfolio   av-sticky-submenu av-switch-768 submenu-not-first container_wrap sidebar_right' style='  z-index:301' ><div class='container av-menu-mobile-active '><a href='#' class='mobile_menu_toggle' aria-hidden='true' data-av_icon='\ue8a5' data-av_iconfont='entypo-fontello'><span class='av-current-placeholder'>Menu<\/span><\/a><ul id=\"menu-proyectos-ingles\" class=\"av-subnav-menu av-submenu-pos-center\"><li id=\"menu-item-11436\" class=\"menu-item menu-item-type-post_type menu-item-object-page menu-item-top-level menu-item-top-level-1\"><a href=\"https:\/\/bacusevents.com\/en\/projects-congresses-and-conventions\/\" itemprop=\"url\"><span class=\"avia-bullet\"><\/span><span class=\"avia-menu-text\">PROJECTS &#8212; CONGRESSES AND CONVENTIONS<\/span><span class=\"avia-menu-fx\"><span class=\"avia-arrow-wrap\"><span class=\"avia-arrow\"><\/span><\/span><\/span><\/a><\/li>\n<li id=\"menu-item-11437\" class=\"menu-item menu-item-type-post_type menu-item-object-page menu-item-top-level menu-item-top-level-2\"><a href=\"https:\/\/bacusevents.com\/en\/projects-corporate-events\/\" itemprop=\"url\"><span class=\"avia-bullet\"><\/span><span class=\"avia-menu-text\">PROJECTS &#8212; CORPORATE EVENTS<\/span><span class=\"avia-menu-fx\"><span class=\"avia-arrow-wrap\"><span class=\"avia-arrow\"><\/span><\/span><\/span><\/a><\/li>\n<li id=\"menu-item-11438\" class=\"menu-item menu-item-type-post_type menu-item-object-page menu-item-top-level menu-item-top-level-3\"><a href=\"https:\/\/bacusevents.com\/en\/projects-family-day\/\" itemprop=\"url\"><span class=\"avia-bullet\"><\/span><span class=\"avia-menu-text\">PROJECTS &#8212; FAMILY DAY &#8211;<\/span><span class=\"avia-menu-fx\"><span class=\"avia-arrow-wrap\"><span class=\"avia-arrow\"><\/span><\/span><\/span><\/a><\/li>\n<li id=\"menu-item-11439\" class=\"menu-item menu-item-type-post_type menu-item-object-page menu-item-top-level menu-item-top-level-4\"><a href=\"https:\/\/bacusevents.com\/en\/projects-fairs-and-stands\/\" itemprop=\"url\"><span class=\"avia-bullet\"><\/span><span class=\"avia-menu-text\">PROJECTS &#8212; FAIRS AND STANDS<\/span><span class=\"avia-menu-fx\"><span class=\"avia-arrow-wrap\"><span class=\"avia-arrow\"><\/span><\/span><\/span><\/a><\/li>\n<li id=\"menu-item-11441\" class=\"menu-item menu-item-type-post_type menu-item-object-page menu-item-top-level menu-item-top-level-5\"><a href=\"https:\/\/bacusevents.com\/en\/projects-incentives-and-team-building\/\" itemprop=\"url\"><span class=\"avia-bullet\"><\/span><span class=\"avia-menu-text\">PROJECTS &#8212; INCENTIVES AND TEAM BUILDING<\/span><span class=\"avia-menu-fx\"><span class=\"avia-arrow-wrap\"><span class=\"avia-arrow\"><\/span><\/span><\/span><\/a><\/li>\n<\/ul><\/div><\/div><div class='sticky_placeholder'><\/div><\/p>\n<div class=\"av-portfolio-grid-sorting-container\"><div class='sort_width_container  av-sort-yes' data-portfolio-id='1' ><div id='js_sort_items' ><div class='sort_by_cat hidden '><a href=\"#\" data-filter=\"all_sort\" class=\"all_sort_button active_sort\"><span class=\"inner_sort_button\"><span>All<\/span><small class=\"av-cat-count\"> 3 <\/small><\/span><\/a><\/div><\/div><\/div><div class=' grid-sort-container isotope   no_margin-container with-title-container grid-total-odd grid-col-3 grid-links-' data-portfolio-id='1'><div data-ajax-id='11354' class=' grid-entry flex_column isotope-item all_sort no_margin post-entry post-entry-11354 grid-entry-overview grid-loop-1 grid-parity-odd  fairs-and-stands_sort  av_one_third first default_av_fullwidth '><article class='main_color inner-entry'  itemscope=\"itemscope\" itemtype=\"https:\/\/schema.org\/CreativeWork\" ><a href='https:\/\/bacusevents.com\/en\/portfolio-item\/08-wallbox-barcelona-auto-show-stand\/' title='08-WALLBOX - Barcelona Auto Show. Stand'  data-rel='grid-1' class='grid-image avia-hover-fx'><img fetchpriority=\"high\" decoding=\"async\" width=\"300\" height=\"200\" src=\"https:\/\/bacusevents.com\/wp-content\/uploads\/2023\/05\/1-cotada-scaled.jpg\" class=\"attachment-medium size-medium wp-post-image\" alt=\"\" srcset=\"https:\/\/bacusevents.com\/wp-content\/uploads\/2023\/05\/1-cotada-scaled.jpg 2560w, https:\/\/bacusevents.com\/wp-content\/uploads\/2023\/05\/1-cotada-scaled-768x512.jpg 768w, https:\/\/bacusevents.com\/wp-content\/uploads\/2023\/05\/1-cotada-scaled-445x296.jpg 445w, https:\/\/bacusevents.com\/wp-content\/uploads\/2023\/05\/1-cotada-412x275.jpg 412w\" sizes=\"(max-width: 300px) 100vw, 300px\" \/><\/a><div class='grid-content'><div class='avia-arrow'><\/div><header class=\"entry-content-header\"><h3 class='grid-entry-title entry-title '  itemprop=\"headline\" ><a href='https:\/\/bacusevents.com\/en\/portfolio-item\/08-wallbox-barcelona-auto-show-stand\/' title='08-WALLBOX - Barcelona Auto Show. Stand'>08-WALLBOX - Barcelona Auto Show. Stand<\/a><\/h3><\/header><\/div><footer class=\"entry-footer\"><\/footer><\/article><\/div><div data-ajax-id='11322' class=' grid-entry flex_column isotope-item all_sort no_margin post-entry post-entry-11322 grid-entry-overview grid-loop-2 grid-parity-even  fairs-and-stands_sort  av_one_third  default_av_fullwidth '><article class='main_color inner-entry'  itemscope=\"itemscope\" itemtype=\"https:\/\/schema.org\/CreativeWork\" ><a href='https:\/\/bacusevents.com\/en\/portfolio-item\/17-baywa-tektonica-lisbon-fair-stand\/' title='17-BAYWA - Tektonica Lisbon Fair. Stand'  data-rel='grid-1' class='grid-image avia-hover-fx'><img decoding=\"async\" width=\"300\" height=\"200\" src=\"https:\/\/bacusevents.com\/wp-content\/uploads\/2023\/05\/Baywa-Bacus-Events-eventos-feria-stand-11-scaled-e1752684930265.jpg\" class=\"attachment-medium size-medium wp-post-image\" alt=\"\" srcset=\"https:\/\/bacusevents.com\/wp-content\/uploads\/2023\/05\/Baywa-Bacus-Events-eventos-feria-stand-11-scaled-e1752684930265.jpg 2413w, https:\/\/bacusevents.com\/wp-content\/uploads\/2023\/05\/Baywa-Bacus-Events-eventos-feria-stand-11-scaled-e1752684930265-768x512.jpg 768w, https:\/\/bacusevents.com\/wp-content\/uploads\/2023\/05\/Baywa-Bacus-Events-eventos-feria-stand-11-scaled-e1752684930265-445x296.jpg 445w\" sizes=\"(max-width: 300px) 100vw, 300px\" \/><\/a><div class='grid-content'><div class='avia-arrow'><\/div><header class=\"entry-content-header\"><h3 class='grid-entry-title entry-title '  itemprop=\"headline\" ><a href='https:\/\/bacusevents.com\/en\/portfolio-item\/17-baywa-tektonica-lisbon-fair-stand\/' title='17-BAYWA - Tektonica Lisbon Fair. Stand'>17-BAYWA - Tektonica Lisbon Fair. Stand<\/a><\/h3><\/header><\/div><footer class=\"entry-footer\"><\/footer><\/article><\/div><div data-ajax-id='11370' class=' grid-entry flex_column isotope-item all_sort no_margin post-entry post-entry-11370 grid-entry-overview grid-loop-3 grid-parity-odd  post-entry-last  fairs-and-stands_sort  av_one_third  default_av_fullwidth '><article class='main_color inner-entry'  itemscope=\"itemscope\" itemtype=\"https:\/\/schema.org\/CreativeWork\" ><a href='https:\/\/bacusevents.com\/en\/portfolio-item\/27-wallbox-feria-gerena-madrid-stand\/' title='27-WALLBOX - Feria Gerena Madrid. Stand'  data-rel='grid-1' class='grid-image avia-hover-fx'><img decoding=\"async\" width=\"300\" height=\"200\" src=\"https:\/\/bacusevents.com\/wp-content\/uploads\/2023\/05\/PORTADA-adelanto-001-300x200.jpg\" class=\"attachment-medium size-medium wp-post-image\" alt=\"\" srcset=\"https:\/\/bacusevents.com\/wp-content\/uploads\/2023\/05\/PORTADA-adelanto-001-300x200.jpg 300w, https:\/\/bacusevents.com\/wp-content\/uploads\/2023\/05\/PORTADA-adelanto-001-768x513.jpg 768w, https:\/\/bacusevents.com\/wp-content\/uploads\/2023\/05\/PORTADA-adelanto-001-445x296.jpg 445w, https:\/\/bacusevents.com\/wp-content\/uploads\/2023\/05\/PORTADA-adelanto-001-412x275.jpg 412w, https:\/\/bacusevents.com\/wp-content\/uploads\/2023\/05\/PORTADA-adelanto-001-1030x687.jpg 1030w, https:\/\/bacusevents.com\/wp-content\/uploads\/2023\/05\/PORTADA-adelanto-001-1536x1025.jpg 1536w, https:\/\/bacusevents.com\/wp-content\/uploads\/2023\/05\/PORTADA-adelanto-001-2048x1367.jpg 2048w, https:\/\/bacusevents.com\/wp-content\/uploads\/2023\/05\/PORTADA-adelanto-001-1500x1001.jpg 1500w, https:\/\/bacusevents.com\/wp-content\/uploads\/2023\/05\/PORTADA-adelanto-001-705x471.jpg 705w, https:\/\/bacusevents.com\/wp-content\/uploads\/2023\/05\/PORTADA-adelanto-001-450x300.jpg 450w\" sizes=\"(max-width: 300px) 100vw, 300px\" \/><\/a><div class='grid-content'><div class='avia-arrow'><\/div><header class=\"entry-content-header\"><h3 class='grid-entry-title entry-title '  itemprop=\"headline\" ><a href='https:\/\/bacusevents.com\/en\/portfolio-item\/27-wallbox-feria-gerena-madrid-stand\/' title='27-WALLBOX - Feria Gerena Madrid. Stand'>27-WALLBOX - Feria Gerena Madrid. Stand<\/a><\/h3><\/header><\/div><footer class=\"entry-footer\"><\/footer><\/article><\/div><\/div><\/div>   <!--   class=\"av-portfolio-grid-sorting-container\"  -->\n","protected":false},"excerpt":{"rendered":"","protected":false},"author":2,"featured_media":7502,"parent":0,"menu_order":0,"comment_status":"closed","ping_status":"closed","template":"","meta":{"footnotes":""},"class_list":["post-10748","page","type-page","status-publish","has-post-thumbnail","hentry"],"yoast_head":"<!-- This site is optimized with the Yoast SEO Premium plugin v27.0 (Yoast SEO v27.6) - https:\/\/yoast.com\/product\/yoast-seo-premium-wordpress\/ -->\n<title>PROJECTS - FAIRS AND STANDS - Bacus Events - Creaci\u00f3n y Organizaci\u00f3n de Eventos<\/title>\n<meta name=\"description\" content=\"At Bacus Events we are experts in the organization of fairs and the design and production of stands. We create unique and personalized spaces that highlight your brand and attract your target audience. Make your booth a memorable success with us!\" \/>\n<meta name=\"robots\" content=\"index, follow, max-snippet:-1, max-image-preview:large, max-video-preview:-1\" \/>\n<link rel=\"canonical\" href=\"https:\/\/bacusevents.com\/en\/projects-fairs-and-stands\/\" \/>\n<meta property=\"og:locale\" content=\"en_US\" \/>\n<meta property=\"og:type\" content=\"article\" \/>\n<meta property=\"og:title\" content=\"PROJECTS -- FAIRS AND STANDS\" \/>\n<meta property=\"og:description\" content=\"At Bacus Events we are experts in the organization of fairs and the design and production of stands. We create unique and personalized spaces that highlight your brand and attract your target audience. Make your booth a memorable success with us!\" \/>\n<meta property=\"og:url\" content=\"https:\/\/bacusevents.com\/en\/projects-fairs-and-stands\/\" \/>\n<meta property=\"og:site_name\" content=\"Bacus Events - Creaci\u00f3n y Organizaci\u00f3n de Eventos\" \/>\n<meta property=\"article:publisher\" content=\"https:\/\/www.facebook.com\/BacusEventos\" \/>\n<meta property=\"article:modified_time\" content=\"2025-03-04T18:14:15+00:00\" \/>\n<meta property=\"og:image\" content=\"https:\/\/bacusevents.com\/wp-content\/uploads\/2020\/10\/Evento-Arena-Barcelona-09.jpg\" \/>\n\t<meta property=\"og:image:width\" content=\"1024\" \/>\n\t<meta property=\"og:image:height\" content=\"683\" \/>\n\t<meta property=\"og:image:type\" content=\"image\/jpeg\" \/>\n<meta name=\"twitter:card\" content=\"summary_large_image\" \/>\n<meta name=\"twitter:label1\" content=\"Est. reading time\" \/>\n\t<meta name=\"twitter:data1\" content=\"2 minutes\" \/>\n<script type=\"application\/ld+json\" class=\"yoast-schema-graph\">{\"@context\":\"https:\\\/\\\/schema.org\",\"@graph\":[{\"@type\":\"WebPage\",\"@id\":\"https:\\\/\\\/bacusevents.com\\\/en\\\/projects-fairs-and-stands\\\/\",\"url\":\"https:\\\/\\\/bacusevents.com\\\/en\\\/projects-fairs-and-stands\\\/\",\"name\":\"PROJECTS - FAIRS AND STANDS - Bacus Events - Creaci\u00f3n y Organizaci\u00f3n de Eventos\",\"isPartOf\":{\"@id\":\"https:\\\/\\\/bacusevents.com\\\/en\\\/#website\"},\"primaryImageOfPage\":{\"@id\":\"https:\\\/\\\/bacusevents.com\\\/en\\\/projects-fairs-and-stands\\\/#primaryimage\"},\"image\":{\"@id\":\"https:\\\/\\\/bacusevents.com\\\/en\\\/projects-fairs-and-stands\\\/#primaryimage\"},\"thumbnailUrl\":\"https:\\\/\\\/bacusevents.com\\\/wp-content\\\/uploads\\\/2020\\\/10\\\/Evento-Arena-Barcelona-09.jpg\",\"datePublished\":\"2024-04-15T06:32:30+00:00\",\"dateModified\":\"2025-03-04T18:14:15+00:00\",\"description\":\"At Bacus Events we are experts in the organization of fairs and the design and production of stands. We create unique and personalized spaces that highlight your brand and attract your target audience. Make your booth a memorable success with us!\",\"breadcrumb\":{\"@id\":\"https:\\\/\\\/bacusevents.com\\\/en\\\/projects-fairs-and-stands\\\/#breadcrumb\"},\"inLanguage\":\"en-US\",\"potentialAction\":[{\"@type\":\"ReadAction\",\"target\":[\"https:\\\/\\\/bacusevents.com\\\/en\\\/projects-fairs-and-stands\\\/\"]}]},{\"@type\":\"ImageObject\",\"inLanguage\":\"en-US\",\"@id\":\"https:\\\/\\\/bacusevents.com\\\/en\\\/projects-fairs-and-stands\\\/#primaryimage\",\"url\":\"https:\\\/\\\/bacusevents.com\\\/wp-content\\\/uploads\\\/2020\\\/10\\\/Evento-Arena-Barcelona-09.jpg\",\"contentUrl\":\"https:\\\/\\\/bacusevents.com\\\/wp-content\\\/uploads\\\/2020\\\/10\\\/Evento-Arena-Barcelona-09.jpg\",\"width\":1024,\"height\":683,\"caption\":\"Evento Arena Barcelona\"},{\"@type\":\"BreadcrumbList\",\"@id\":\"https:\\\/\\\/bacusevents.com\\\/en\\\/projects-fairs-and-stands\\\/#breadcrumb\",\"itemListElement\":[{\"@type\":\"ListItem\",\"position\":1,\"name\":\"Portada\",\"item\":\"https:\\\/\\\/bacusevents.com\\\/en\\\/\"},{\"@type\":\"ListItem\",\"position\":2,\"name\":\"PROJECTS &#8212; FAIRS AND STANDS\"}]},{\"@type\":\"WebSite\",\"@id\":\"https:\\\/\\\/bacusevents.com\\\/en\\\/#website\",\"url\":\"https:\\\/\\\/bacusevents.com\\\/en\\\/\",\"name\":\"Bacus Events - Creaci\u00f3n y Organizaci\u00f3n de Eventos\",\"description\":\"Bacus Events - Creaci\u00f3n y Organizaci\u00f3n de Eventos\",\"publisher\":{\"@id\":\"https:\\\/\\\/bacusevents.com\\\/en\\\/#organization\"},\"potentialAction\":[{\"@type\":\"SearchAction\",\"target\":{\"@type\":\"EntryPoint\",\"urlTemplate\":\"https:\\\/\\\/bacusevents.com\\\/en\\\/?s={search_term_string}\"},\"query-input\":{\"@type\":\"PropertyValueSpecification\",\"valueRequired\":true,\"valueName\":\"search_term_string\"}}],\"inLanguage\":\"en-US\"},{\"@type\":\"Organization\",\"@id\":\"https:\\\/\\\/bacusevents.com\\\/en\\\/#organization\",\"name\":\"Bacus Events - Creaci\u00f3n y Organizaci\u00f3n de Eventos\",\"url\":\"https:\\\/\\\/bacusevents.com\\\/en\\\/\",\"logo\":{\"@type\":\"ImageObject\",\"inLanguage\":\"en-US\",\"@id\":\"https:\\\/\\\/bacusevents.com\\\/en\\\/#\\\/schema\\\/logo\\\/image\\\/\",\"url\":\"https:\\\/\\\/bacusevents.com\\\/wp-content\\\/uploads\\\/2025\\\/03\\\/BacusEvents-5.png\",\"contentUrl\":\"https:\\\/\\\/bacusevents.com\\\/wp-content\\\/uploads\\\/2025\\\/03\\\/BacusEvents-5.png\",\"width\":393,\"height\":426,\"caption\":\"Bacus Events - Creaci\u00f3n y Organizaci\u00f3n de Eventos\"},\"image\":{\"@id\":\"https:\\\/\\\/bacusevents.com\\\/en\\\/#\\\/schema\\\/logo\\\/image\\\/\"},\"sameAs\":[\"https:\\\/\\\/www.facebook.com\\\/BacusEventos\",\"https:\\\/\\\/www.instagram.com\\\/bacusevents\\\/\",\"https:\\\/\\\/www.linkedin.com\\\/company\\\/1481874\\\/admin\\\/dashboard\\\/\"]}]}<\/script>\n<!-- \/ Yoast SEO Premium plugin. -->","yoast_head_json":{"title":"PROJECTS - FAIRS AND STANDS - Bacus Events - Creaci\u00f3n y Organizaci\u00f3n de Eventos","description":"At Bacus Events we are experts in the organization of fairs and the design and production of stands. We create unique and personalized spaces that highlight your brand and attract your target audience. Make your booth a memorable success with us!","robots":{"index":"index","follow":"follow","max-snippet":"max-snippet:-1","max-image-preview":"max-image-preview:large","max-video-preview":"max-video-preview:-1"},"canonical":"https:\/\/bacusevents.com\/en\/projects-fairs-and-stands\/","og_locale":"en_US","og_type":"article","og_title":"PROJECTS -- FAIRS AND STANDS","og_description":"At Bacus Events we are experts in the organization of fairs and the design and production of stands. We create unique and personalized spaces that highlight your brand and attract your target audience. Make your booth a memorable success with us!","og_url":"https:\/\/bacusevents.com\/en\/projects-fairs-and-stands\/","og_site_name":"Bacus Events - Creaci\u00f3n y Organizaci\u00f3n de Eventos","article_publisher":"https:\/\/www.facebook.com\/BacusEventos","article_modified_time":"2025-03-04T18:14:15+00:00","og_image":[{"width":1024,"height":683,"url":"https:\/\/bacusevents.com\/wp-content\/uploads\/2020\/10\/Evento-Arena-Barcelona-09.jpg","type":"image\/jpeg"}],"twitter_card":"summary_large_image","twitter_misc":{"Est. reading time":"2 minutes"},"schema":{"@context":"https:\/\/schema.org","@graph":[{"@type":"WebPage","@id":"https:\/\/bacusevents.com\/en\/projects-fairs-and-stands\/","url":"https:\/\/bacusevents.com\/en\/projects-fairs-and-stands\/","name":"PROJECTS - FAIRS AND STANDS - Bacus Events - Creaci\u00f3n y Organizaci\u00f3n de Eventos","isPartOf":{"@id":"https:\/\/bacusevents.com\/en\/#website"},"primaryImageOfPage":{"@id":"https:\/\/bacusevents.com\/en\/projects-fairs-and-stands\/#primaryimage"},"image":{"@id":"https:\/\/bacusevents.com\/en\/projects-fairs-and-stands\/#primaryimage"},"thumbnailUrl":"https:\/\/bacusevents.com\/wp-content\/uploads\/2020\/10\/Evento-Arena-Barcelona-09.jpg","datePublished":"2024-04-15T06:32:30+00:00","dateModified":"2025-03-04T18:14:15+00:00","description":"At Bacus Events we are experts in the organization of fairs and the design and production of stands. We create unique and personalized spaces that highlight your brand and attract your target audience. Make your booth a memorable success with us!","breadcrumb":{"@id":"https:\/\/bacusevents.com\/en\/projects-fairs-and-stands\/#breadcrumb"},"inLanguage":"en-US","potentialAction":[{"@type":"ReadAction","target":["https:\/\/bacusevents.com\/en\/projects-fairs-and-stands\/"]}]},{"@type":"ImageObject","inLanguage":"en-US","@id":"https:\/\/bacusevents.com\/en\/projects-fairs-and-stands\/#primaryimage","url":"https:\/\/bacusevents.com\/wp-content\/uploads\/2020\/10\/Evento-Arena-Barcelona-09.jpg","contentUrl":"https:\/\/bacusevents.com\/wp-content\/uploads\/2020\/10\/Evento-Arena-Barcelona-09.jpg","width":1024,"height":683,"caption":"Evento Arena Barcelona"},{"@type":"BreadcrumbList","@id":"https:\/\/bacusevents.com\/en\/projects-fairs-and-stands\/#breadcrumb","itemListElement":[{"@type":"ListItem","position":1,"name":"Portada","item":"https:\/\/bacusevents.com\/en\/"},{"@type":"ListItem","position":2,"name":"PROJECTS &#8212; FAIRS AND STANDS"}]},{"@type":"WebSite","@id":"https:\/\/bacusevents.com\/en\/#website","url":"https:\/\/bacusevents.com\/en\/","name":"Bacus Events - Creaci\u00f3n y Organizaci\u00f3n de Eventos","description":"Bacus Events - Creaci\u00f3n y Organizaci\u00f3n de Eventos","publisher":{"@id":"https:\/\/bacusevents.com\/en\/#organization"},"potentialAction":[{"@type":"SearchAction","target":{"@type":"EntryPoint","urlTemplate":"https:\/\/bacusevents.com\/en\/?s={search_term_string}"},"query-input":{"@type":"PropertyValueSpecification","valueRequired":true,"valueName":"search_term_string"}}],"inLanguage":"en-US"},{"@type":"Organization","@id":"https:\/\/bacusevents.com\/en\/#organization","name":"Bacus Events - Creaci\u00f3n y Organizaci\u00f3n de Eventos","url":"https:\/\/bacusevents.com\/en\/","logo":{"@type":"ImageObject","inLanguage":"en-US","@id":"https:\/\/bacusevents.com\/en\/#\/schema\/logo\/image\/","url":"https:\/\/bacusevents.com\/wp-content\/uploads\/2025\/03\/BacusEvents-5.png","contentUrl":"https:\/\/bacusevents.com\/wp-content\/uploads\/2025\/03\/BacusEvents-5.png","width":393,"height":426,"caption":"Bacus Events - Creaci\u00f3n y Organizaci\u00f3n de Eventos"},"image":{"@id":"https:\/\/bacusevents.com\/en\/#\/schema\/logo\/image\/"},"sameAs":["https:\/\/www.facebook.com\/BacusEventos","https:\/\/www.instagram.com\/bacusevents\/","https:\/\/www.linkedin.com\/company\/1481874\/admin\/dashboard\/"]}]}},"_links":{"self":[{"href":"https:\/\/bacusevents.com\/en\/wp-json\/wp\/v2\/pages\/10748","targetHints":{"allow":["GET"]}}],"collection":[{"href":"https:\/\/bacusevents.com\/en\/wp-json\/wp\/v2\/pages"}],"about":[{"href":"https:\/\/bacusevents.com\/en\/wp-json\/wp\/v2\/types\/page"}],"author":[{"embeddable":true,"href":"https:\/\/bacusevents.com\/en\/wp-json\/wp\/v2\/users\/2"}],"replies":[{"embeddable":true,"href":"https:\/\/bacusevents.com\/en\/wp-json\/wp\/v2\/comments?post=10748"}],"version-history":[{"count":3,"href":"https:\/\/bacusevents.com\/en\/wp-json\/wp\/v2\/pages\/10748\/revisions"}],"predecessor-version":[{"id":11660,"href":"https:\/\/bacusevents.com\/en\/wp-json\/wp\/v2\/pages\/10748\/revisions\/11660"}],"wp:featuredmedia":[{"embeddable":true,"href":"https:\/\/bacusevents.com\/en\/wp-json\/wp\/v2\/media\/7502"}],"wp:attachment":[{"href":"https:\/\/bacusevents.com\/en\/wp-json\/wp\/v2\/media?parent=10748"}],"curies":[{"name":"wp","href":"https:\/\/api.w.org\/{rel}","templated":true}]}}